{"id":1020,"date":"2025-07-21T14:06:28","date_gmt":"2025-07-21T14:06:28","guid":{"rendered":"https:\/\/cde.robocomp.top\/?page_id=1020"},"modified":"2025-08-06T13:34:27","modified_gmt":"2025-08-06T13:34:27","slug":"hyatt-ziva-hotel","status":"publish","type":"page","link":"https:\/\/cde-global.com\/es\/portfolio\/hyatt-ziva-hotel\/","title":{"rendered":"Hotel Hyatt Ziva"},"content":{"rendered":"<div data-elementor-type=\"wp-page\" data-elementor-id=\"1020\" class=\"elementor elementor-1020\" data-elementor-post-type=\"page\">\n\t\t\t\t<div class=\"elementor-element elementor-element-3127e5d e-flex e-con-boxed e-con e-parent\" data-id=\"3127e5d\" data-element_type=\"container\" data-settings=\"{&quot;background_background&quot;:&quot;classic&quot;}\">\n\t\t\t\t\t<div class=\"e-con-inner\">\n\t\t<div class=\"elementor-element elementor-element-78de8d28 e-con-full e-flex e-con e-child\" data-id=\"78de8d28\" data-element_type=\"container\">\n\t\t<div class=\"elementor-element elementor-element-472354a2 e-con-full e-flex elementor-invisible e-con e-child\" data-id=\"472354a2\" data-element_type=\"container\" data-settings=\"{&quot;animation&quot;:&quot;slideInUp&quot;,&quot;animation_delay&quot;:150}\">\n\t\t\t\t<div class=\"elementor-element elementor-element-686aa4f1 elementor-icon-list--layout-inline elementor-align-center elementor-list-item-link-full_width elementor-invisible elementor-widget elementor-widget-icon-list\" data-id=\"686aa4f1\" data-element_type=\"widget\" data-settings=\"{&quot;_animation&quot;:&quot;fadeIn&quot;,&quot;_animation_delay&quot;:250}\" data-widget_type=\"icon-list.default\">\n\t\t\t\t\t\t\t<ul class=\"elementor-icon-list-items elementor-inline-items\">\n\t\t\t\t\t\t\t<li class=\"elementor-icon-list-item elementor-inline-item\">\n\t\t\t\t\t\t\t\t\t\t\t<a href=\"#\">\n\n\t\t\t\t\t\t\t\t\t\t\t<span class=\"elementor-icon-list-text\">Detalle del proyecto<\/span>\n\t\t\t\t\t\t\t\t\t\t\t<\/a>\n\t\t\t\t\t\t\t\t\t<\/li>\n\t\t\t\t\t\t<\/ul>\n\t\t\t\t\t\t<\/div>\n\t\t\t\t<\/div>\n\t\t<div class=\"elementor-element elementor-element-7be18b45 e-con-full elementor-hidden-tablet elementor-hidden-mobile e-flex e-con e-child\" data-id=\"7be18b45\" data-element_type=\"container\">\n\t\t\t\t<div class=\"elementor-element elementor-element-613eb210 elementor-hidden-tablet elementor-hidden-mobile elementor-invisible elementor-widget elementor-widget-jkit_heading\" data-id=\"613eb210\" data-element_type=\"widget\" data-settings=\"{&quot;_animation&quot;:&quot;slideInUp&quot;,&quot;_animation_delay&quot;:250}\" data-widget_type=\"jkit_heading.default\">\n\t\t\t\t\t<div  class=\"jeg-elementor-kit jkit-heading  align- align-tablet-left align-mobile-center jeg_module___6a00d219ba1f5\" ><div class=\"heading-section-title  display-inline-block\"><h4 class=\"heading-title\">Dise\u00f1o que transforma los espacios de hosteler\u00eda<\/h4><\/div><div class=\"heading-section-description\"><p>Creamos soluciones a medida para entornos de hosteler\u00eda, combinando dise\u00f1o, funcionalidad y car\u00e1cter para ofrecer experiencias memorables.<\/p><\/div><\/div>\t\t\t\t<\/div>\n\t\t\t\t<\/div>\n\t\t\t\t<div class=\"elementor-element elementor-element-7c16e531 elementor-widget__width-inherit elementor-widget-divider--view-line elementor-invisible elementor-widget elementor-widget-divider\" data-id=\"7c16e531\" data-element_type=\"widget\" data-settings=\"{&quot;_animation&quot;:&quot;fadeIn&quot;,&quot;_animation_delay&quot;:250}\" data-widget_type=\"divider.default\">\n\t\t\t\t\t\t\t<div class=\"elementor-divider\">\n\t\t\t<span class=\"elementor-divider-separator\">\n\t\t\t\t\t\t<\/span>\n\t\t<\/div>\n\t\t\t\t\t\t<\/div>\n\t\t\t\t<\/div>\n\t\t\t\t\t<\/div>\n\t\t\t\t<\/div>\n\t\t<div class=\"elementor-element elementor-element-71ac7f0b e-con-full e-flex e-con e-parent\" data-id=\"71ac7f0b\" data-element_type=\"container\" data-settings=\"{&quot;background_background&quot;:&quot;classic&quot;}\">\n\t\t<div class=\"elementor-element elementor-element-40e4b9be e-con-full e-flex e-con e-child\" data-id=\"40e4b9be\" data-element_type=\"container\">\n\t\t<div class=\"elementor-element elementor-element-3b4d1806 e-con-full e-flex e-con e-child\" data-id=\"3b4d1806\" data-element_type=\"container\">\n\t\t\t\t<div class=\"elementor-element elementor-element-506abb23 elementor-widget elementor-widget-jkit_heading\" data-id=\"506abb23\" data-element_type=\"widget\" data-widget_type=\"jkit_heading.default\">\n\t\t\t\t\t<div  class=\"jeg-elementor-kit jkit-heading  align- align-tablet- align-mobile- jeg_module__1_6a00d219bcf1b\" ><div class=\"heading-section-title  display-inline-block\"><h2 class=\"heading-title\">UBICACI\u00d3N :<\/h2><\/div><h3 class=\"heading-section-subtitle  style-color\">Riviera Canc\u00fan<\/h3><\/div>\t\t\t\t<\/div>\n\t\t\t\t<div class=\"elementor-element elementor-element-3dfcb366 elementor-widget elementor-widget-jkit_heading\" data-id=\"3dfcb366\" data-element_type=\"widget\" data-widget_type=\"jkit_heading.default\">\n\t\t\t\t\t<div  class=\"jeg-elementor-kit jkit-heading  align- align-tablet- align-mobile- jeg_module__2_6a00d219bd8b5\" ><div class=\"heading-section-title  display-inline-block\"><h2 class=\"heading-title\">TIPO:<\/h2><\/div><h3 class=\"heading-section-subtitle  style-color\">Renovaci\u00f3n<\/h3><\/div>\t\t\t\t<\/div>\n\t\t\t\t<div class=\"elementor-element elementor-element-726376e7 elementor-widget elementor-widget-jkit_heading\" data-id=\"726376e7\" data-element_type=\"widget\" data-widget_type=\"jkit_heading.default\">\n\t\t\t\t\t<div  class=\"jeg-elementor-kit jkit-heading  align- align-tablet- align-mobile- jeg_module__3_6a00d219be1e6\" ><div class=\"heading-section-title  display-inline-block\"><h2 class=\"heading-title\">ESTADO:<\/h2><\/div><h3 class=\"heading-section-subtitle  style-color\">Completado<\/h3><\/div>\t\t\t\t<\/div>\n\t\t\t\t<\/div>\n\t\t<div class=\"elementor-element elementor-element-111bc32 e-con-full e-flex e-con e-child\" data-id=\"111bc32\" data-element_type=\"container\">\n\t\t\t\t<div class=\"elementor-element elementor-element-71e654ca elementor-widget elementor-widget-heading\" data-id=\"71e654ca\" data-element_type=\"widget\" data-widget_type=\"heading.default\">\n\t\t\t\t\t<h2 class=\"elementor-heading-title elementor-size-default\">Proyecto de transformaci\u00f3n hotelera<\/h2>\t\t\t\t<\/div>\n\t\t\t\t<div class=\"elementor-element elementor-element-b8c35bb elementor-widget-divider--view-line elementor-widget elementor-widget-divider\" data-id=\"b8c35bb\" data-element_type=\"widget\" data-widget_type=\"divider.default\">\n\t\t\t\t\t\t\t<div class=\"elementor-divider\">\n\t\t\t<span class=\"elementor-divider-separator\">\n\t\t\t\t\t\t<\/span>\n\t\t<\/div>\n\t\t\t\t\t\t<\/div>\n\t\t<div class=\"elementor-element elementor-element-55494165 e-con-full e-flex e-con e-child\" data-id=\"55494165\" data-element_type=\"container\">\n\t\t\t\t<div class=\"elementor-element elementor-element-a9689ab elementor-widget elementor-widget-text-editor\" data-id=\"a9689ab\" data-element_type=\"widget\" data-widget_type=\"text-editor.default\">\n\t\t\t\t\t\t\t\t\t<p>Situado en Punta Canc\u00fan -el punto de encuentro de la famosa costa de Canc\u00fan y el mar turquesa-.<strong data-start=\"88\" data-end=\"109\">Hyatt Ziva Canc\u00fan<\/strong> es un lujoso complejo de playa de 5 estrellas con todo incluido adaptado a viajeros de todas las edades. Rodeado por tres lados de playas de arena blanca, el complejo cuenta con tres piscinas infinitas y ofrece acceso a dos playas semiprivadas. Con 547 suites elegantemente decoradas con vistas al mar o al jard\u00edn, esta emblem\u00e1tica arquitectura piramidal combina el dise\u00f1o contempor\u00e1neo con el arte local y el ambiente costero.<\/p>\t\t\t\t\t\t\t\t<\/div>\n\t\t\t\t<\/div>\n\t\t\t\t<\/div>\n\t\t\t\t<\/div>\n\t\t\t\t<\/div>\n\t\t<div class=\"elementor-element elementor-element-14bd7fd3 e-con-full e-flex e-con e-parent\" data-id=\"14bd7fd3\" data-element_type=\"container\">\n\t\t<div class=\"elementor-element elementor-element-51bb4459 e-con-full e-flex e-con e-child\" data-id=\"51bb4459\" data-element_type=\"container\">\n\t\t\t\t<div class=\"elementor-element elementor-element-55170d19 elementor-widget elementor-widget-image\" data-id=\"55170d19\" data-element_type=\"widget\" data-widget_type=\"image.default\">\n\t\t\t\t\t\t\t\t\t\t\t\t\t\t\t<img fetchpriority=\"high\" decoding=\"async\" width=\"1280\" height=\"720\" src=\"https:\/\/cde-global.com\/wp-content\/uploads\/2025\/08\/Hyatt-Ziva-Cancun-P084-Hyatt-Ziva-Swim-Up-King.16x9.png\" class=\"attachment-full size-full wp-image-1454\" alt=\"\" srcset=\"https:\/\/cde-global.com\/wp-content\/uploads\/2025\/08\/Hyatt-Ziva-Cancun-P084-Hyatt-Ziva-Swim-Up-King.16x9.png 1280w, https:\/\/cde-global.com\/wp-content\/uploads\/2025\/08\/Hyatt-Ziva-Cancun-P084-Hyatt-Ziva-Swim-Up-King.16x9-300x169.png 300w, https:\/\/cde-global.com\/wp-content\/uploads\/2025\/08\/Hyatt-Ziva-Cancun-P084-Hyatt-Ziva-Swim-Up-King.16x9-1024x576.png 1024w, https:\/\/cde-global.com\/wp-content\/uploads\/2025\/08\/Hyatt-Ziva-Cancun-P084-Hyatt-Ziva-Swim-Up-King.16x9-768x432.png 768w\" sizes=\"(max-width: 1280px) 100vw, 1280px\" \/>\t\t\t\t\t\t\t\t\t\t\t\t\t\t\t<\/div>\n\t\t<div class=\"elementor-element elementor-element-39938259 e-con-full e-flex e-con e-child\" data-id=\"39938259\" data-element_type=\"container\">\n\t\t\t\t<div class=\"elementor-element elementor-element-224ee0ca elementor-widget__width-initial elementor-widget elementor-widget-jkit_heading\" data-id=\"224ee0ca\" data-element_type=\"widget\" data-widget_type=\"jkit_heading.default\">\n\t\t\t\t\t<div  class=\"jeg-elementor-kit jkit-heading  align- align-tablet- align-mobile- jeg_module__4_6a00d219c38a9\" ><div class=\"heading-section-title  display-inline-block\"><h2 class=\"heading-title\">Del concepto a la creaci\u00f3n<\/h2><\/div><div class=\"heading-section-description\"><p data-start=\"152\" data-end=\"501\">En colaboraci\u00f3n con los equipos de dise\u00f1o y gesti\u00f3n, nuestro trabajo ayud\u00f3 a reforzar la visi\u00f3n de Hyatt Ziva Canc\u00fan: combinar el patrimonio arquitect\u00f3nico, el lujo contempor\u00e1neo y los toques finales de inspiraci\u00f3n costera.<\/p><\/div><\/div>\t\t\t\t<\/div>\n\t\t\t\t<\/div>\n\t\t<div class=\"elementor-element elementor-element-ac6cbc0 e-con-full e-flex e-con e-child\" data-id=\"ac6cbc0\" data-element_type=\"container\">\n\t\t\t\t<div class=\"elementor-element elementor-element-2347502 elementor-widget elementor-widget-gallery\" data-id=\"2347502\" data-element_type=\"widget\" data-settings=\"{&quot;gallery_layout&quot;:&quot;masonry&quot;,&quot;columns&quot;:3,&quot;lazyload&quot;:&quot;yes&quot;,&quot;columns_tablet&quot;:2,&quot;columns_mobile&quot;:1,&quot;gap&quot;:{&quot;unit&quot;:&quot;px&quot;,&quot;size&quot;:10,&quot;sizes&quot;:[]},&quot;gap_laptop&quot;:{&quot;unit&quot;:&quot;px&quot;,&quot;size&quot;:10,&quot;sizes&quot;:[]},&quot;gap_tablet&quot;:{&quot;unit&quot;:&quot;px&quot;,&quot;size&quot;:10,&quot;sizes&quot;:[]},&quot;gap_mobile&quot;:{&quot;unit&quot;:&quot;px&quot;,&quot;size&quot;:10,&quot;sizes&quot;:[]},&quot;link_to&quot;:&quot;file&quot;,&quot;overlay_background&quot;:&quot;yes&quot;,&quot;content_hover_animation&quot;:&quot;fade-in&quot;}\" data-widget_type=\"gallery.default\">\n\t\t\t\t\t\t\t<div class=\"elementor-gallery__container\">\n\t\t\t\t\t\t\t<a class=\"e-gallery-item elementor-gallery-item elementor-animated-content\" href=\"https:\/\/cde-global.com\/wp-content\/uploads\/2025\/08\/Hyatt-Ziva-Cap-Cana-P150-Moments.4x3.png\" data-elementor-open-lightbox=\"yes\" data-elementor-lightbox-slideshow=\"2347502\" data-elementor-lightbox-title=\"Hyatt-Ziva-Cap-Cana-P150-Moments.4x3\" data-e-action-hash=\"#elementor-action%3Aaction%3Dlightbox%26settings%3DeyJpZCI6MTQ2OSwidXJsIjoiaHR0cHM6XC9cL2NkZS1nbG9iYWwuY29tXC93cC1jb250ZW50XC91cGxvYWRzXC8yMDI1XC8wOFwvSHlhdHQtWml2YS1DYXAtQ2FuYS1QMTUwLU1vbWVudHMuNHgzLnBuZyIsInNsaWRlc2hvdyI6IjIzNDc1MDIifQ%3D%3D\">\n\t\t\t\t\t<div class=\"e-gallery-image elementor-gallery-item__image\" data-thumbnail=\"https:\/\/cde-global.com\/wp-content\/uploads\/elementor\/thumbs\/Hyatt-Ziva-Cap-Cana-P150-Moments.4x3-r9wpo8i3g7ubgw5utwmk5ovmnxabdnjf1tdq8tnp1k.png\" data-width=\"800\" data-height=\"500\" aria-label=\"\" role=\"img\" ><\/div>\n\t\t\t\t\t\t\t\t\t\t\t<div class=\"elementor-gallery-item__overlay\"><\/div>\n\t\t\t\t\t\t\t\t\t\t\t\t\t\t<\/a>\n\t\t\t\t\t\t\t<a class=\"e-gallery-item elementor-gallery-item elementor-animated-content\" href=\"https:\/\/cde-global.com\/wp-content\/uploads\/2025\/08\/Hyatt-Ziva-Cap-Cana-P114-Navigator-Grill.4x3.png\" data-elementor-open-lightbox=\"yes\" data-elementor-lightbox-slideshow=\"2347502\" data-elementor-lightbox-title=\"Hyatt-Ziva-Cap-Cana-P114-Navigator-Grill.4x3\" data-e-action-hash=\"#elementor-action%3Aaction%3Dlightbox%26settings%3DeyJpZCI6MTQ2OCwidXJsIjoiaHR0cHM6XC9cL2NkZS1nbG9iYWwuY29tXC93cC1jb250ZW50XC91cGxvYWRzXC8yMDI1XC8wOFwvSHlhdHQtWml2YS1DYXAtQ2FuYS1QMTE0LU5hdmlnYXRvci1HcmlsbC40eDMucG5nIiwic2xpZGVzaG93IjoiMjM0NzUwMiJ9\">\n\t\t\t\t\t<div class=\"e-gallery-image elementor-gallery-item__image\" data-thumbnail=\"https:\/\/cde-global.com\/wp-content\/uploads\/elementor\/thumbs\/Hyatt-Ziva-Cap-Cana-P114-Navigator-Grill.4x3-r9wpo4qqovp66gbbfv01vptsadsuiv4hparsbpt9qg.png\" data-width=\"800\" data-height=\"500\" aria-label=\"\" role=\"img\" ><\/div>\n\t\t\t\t\t\t\t\t\t\t\t<div class=\"elementor-gallery-item__overlay\"><\/div>\n\t\t\t\t\t\t\t\t\t\t\t\t\t\t<\/a>\n\t\t\t\t\t\t\t<a class=\"e-gallery-item elementor-gallery-item elementor-animated-content\" href=\"https:\/\/cde-global.com\/wp-content\/uploads\/2025\/08\/Hyatt-Ziva-Cancun-P192-Ziva-Club-Oceanfront-Corner-Suite-Bedroom.4x3.png\" data-elementor-open-lightbox=\"yes\" data-elementor-lightbox-slideshow=\"2347502\" data-elementor-lightbox-title=\"Hyatt-Ziva-Cancun-P192-Ziva-Club-Oceanfront-Corner-Suite-Bedroom.4x3\" data-e-action-hash=\"#elementor-action%3Aaction%3Dlightbox%26settings%3DeyJpZCI6MTQ1NiwidXJsIjoiaHR0cHM6XC9cL2NkZS1nbG9iYWwuY29tXC93cC1jb250ZW50XC91cGxvYWRzXC8yMDI1XC8wOFwvSHlhdHQtWml2YS1DYW5jdW4tUDE5Mi1aaXZhLUNsdWItT2NlYW5mcm9udC1Db3JuZXItU3VpdGUtQmVkcm9vbS40eDMucG5nIiwic2xpZGVzaG93IjoiMjM0NzUwMiJ9\">\n\t\t\t\t\t<div class=\"e-gallery-image elementor-gallery-item__image\" data-thumbnail=\"https:\/\/cde-global.com\/wp-content\/uploads\/elementor\/thumbs\/Hyatt-Ziva-Cancun-P192-Ziva-Club-Oceanfront-Corner-Suite-Bedroom.4x3-r9wpnj4gbovkrf6py3nmsda6mireltqnybrmacpbpk.png\" data-width=\"800\" data-height=\"500\" aria-label=\"\" role=\"img\" ><\/div>\n\t\t\t\t\t\t\t\t\t\t\t<div class=\"elementor-gallery-item__overlay\"><\/div>\n\t\t\t\t\t\t\t\t\t\t\t\t\t\t<\/a>\n\t\t\t\t\t\t\t<a class=\"e-gallery-item elementor-gallery-item elementor-animated-content\" href=\"https:\/\/cde-global.com\/wp-content\/uploads\/2025\/08\/Hyatt-Ziva-Cancun-P186-Ziva-Club-Two-Bedroom-Oceanfront-Suite-Balcony.4x3.png\" data-elementor-open-lightbox=\"yes\" data-elementor-lightbox-slideshow=\"2347502\" data-elementor-lightbox-title=\"Hyatt-Ziva-Cancun-P186-Ziva-Club-Two-Bedroom-Oceanfront-Suite-Balcony.4x3\" data-e-action-hash=\"#elementor-action%3Aaction%3Dlightbox%26settings%3DeyJpZCI6MTQ1NSwidXJsIjoiaHR0cHM6XC9cL2NkZS1nbG9iYWwuY29tXC93cC1jb250ZW50XC91cGxvYWRzXC8yMDI1XC8wOFwvSHlhdHQtWml2YS1DYW5jdW4tUDE4Ni1aaXZhLUNsdWItVHdvLUJlZHJvb20tT2NlYW5mcm9udC1TdWl0ZS1CYWxjb255LjR4My5wbmciLCJzbGlkZXNob3ciOiIyMzQ3NTAyIn0%3D\">\n\t\t\t\t\t<div class=\"e-gallery-image elementor-gallery-item__image\" data-thumbnail=\"https:\/\/cde-global.com\/wp-content\/uploads\/elementor\/thumbs\/Hyatt-Ziva-Cancun-P186-Ziva-Club-Two-Bedroom-Oceanfront-Suite-Balcony.4x3-r9wpngaxr6rpslatekfr2vzsud5ayqfgxxt5uiti88.png\" data-width=\"800\" data-height=\"500\" aria-label=\"\" role=\"img\" ><\/div>\n\t\t\t\t\t\t\t\t\t\t\t<div class=\"elementor-gallery-item__overlay\"><\/div>\n\t\t\t\t\t\t\t\t\t\t\t\t\t\t<\/a>\n\t\t\t\t\t\t\t<a class=\"e-gallery-item elementor-gallery-item elementor-animated-content\" href=\"https:\/\/cde-global.com\/wp-content\/uploads\/2025\/08\/Hyatt-Ziva-Cancun-P084-Hyatt-Ziva-Swim-Up-King.16x9.png\" data-elementor-open-lightbox=\"yes\" data-elementor-lightbox-slideshow=\"2347502\" data-elementor-lightbox-title=\"Hyatt-Ziva-Cancun-P084-Hyatt-Ziva-Swim-Up-King.16x9\" data-e-action-hash=\"#elementor-action%3Aaction%3Dlightbox%26settings%3DeyJpZCI6MTQ1NCwidXJsIjoiaHR0cHM6XC9cL2NkZS1nbG9iYWwuY29tXC93cC1jb250ZW50XC91cGxvYWRzXC8yMDI1XC8wOFwvSHlhdHQtWml2YS1DYW5jdW4tUDA4NC1IeWF0dC1aaXZhLVN3aW0tVXAtS2luZy4xNng5LnBuZyIsInNsaWRlc2hvdyI6IjIzNDc1MDIifQ%3D%3D\">\n\t\t\t\t\t<div class=\"e-gallery-image elementor-gallery-item__image\" data-thumbnail=\"https:\/\/cde-global.com\/wp-content\/uploads\/elementor\/thumbs\/Hyatt-Ziva-Cancun-P084-Hyatt-Ziva-Swim-Up-King.16x9-r9wpnblqt0la6jhn60em8f6hvfsgw8wt9ajqg50h3c.png\" data-width=\"800\" data-height=\"500\" aria-label=\"\" role=\"img\" ><\/div>\n\t\t\t\t\t\t\t\t\t\t\t<div class=\"elementor-gallery-item__overlay\"><\/div>\n\t\t\t\t\t\t\t\t\t\t\t\t\t\t<\/a>\n\t\t\t\t\t\t\t<a class=\"e-gallery-item elementor-gallery-item elementor-animated-content\" href=\"https:\/\/cde-global.com\/wp-content\/uploads\/2025\/07\/hyatt-ziva-cancun.jpg\" data-elementor-open-lightbox=\"yes\" data-elementor-lightbox-slideshow=\"2347502\" data-elementor-lightbox-title=\"hyatt-ziva-cancun\" data-e-action-hash=\"#elementor-action%3Aaction%3Dlightbox%26settings%3DeyJpZCI6OTA3LCJ1cmwiOiJodHRwczpcL1wvY2RlLWdsb2JhbC5jb21cL3dwLWNvbnRlbnRcL3VwbG9hZHNcLzIwMjVcLzA3XC9oeWF0dC16aXZhLWNhbmN1bi5qcGciLCJzbGlkZXNob3ciOiIyMzQ3NTAyIn0%3D\">\n\t\t\t\t\t<div class=\"e-gallery-image elementor-gallery-item__image\" data-thumbnail=\"https:\/\/cde-global.com\/wp-content\/uploads\/elementor\/thumbs\/hyatt-ziva-cancun-r9tp82wqvxcirt5zctai7e2u62ddbxb9y1hfzcdz7s.jpg\" data-width=\"800\" data-height=\"500\" aria-label=\"\" role=\"img\" ><\/div>\n\t\t\t\t\t\t\t\t\t\t\t<div class=\"elementor-gallery-item__overlay\"><\/div>\n\t\t\t\t\t\t\t\t\t\t\t\t\t\t<\/a>\n\t\t\t\t\t<\/div>\n\t\t\t\t\t<\/div>\n\t\t\t\t<\/div>\n\t\t\t\t<\/div>\n\t\t\t\t<\/div>\n\t\t<div class=\"elementor-element elementor-element-13efe7de e-con-full e-flex e-con e-parent\" data-id=\"13efe7de\" data-element_type=\"container\">\n\t\t<div class=\"elementor-element elementor-element-6544a237 e-con-full e-flex e-con e-child\" data-id=\"6544a237\" data-element_type=\"container\" data-settings=\"{&quot;background_background&quot;:&quot;classic&quot;}\">\n\t\t<div class=\"elementor-element elementor-element-20a7b1a1 e-con-full e-flex elementor-invisible e-con e-child\" data-id=\"20a7b1a1\" data-element_type=\"container\" data-settings=\"{&quot;animation&quot;:&quot;fadeInUp&quot;,&quot;animation_delay&quot;:200}\">\n\t\t\t\t<div class=\"elementor-element elementor-element-4ef2c2ef elementor-widget elementor-widget-heading\" data-id=\"4ef2c2ef\" data-element_type=\"widget\" data-widget_type=\"heading.default\">\n\t\t\t\t\t<h2 class=\"elementor-heading-title elementor-size-default\">Haga de su hotel una experiencia inolvidable<\/h2>\t\t\t\t<\/div>\n\t\t\t\t<div class=\"elementor-element elementor-element-1e1ae00f elementor-widget elementor-widget-text-editor\" data-id=\"1e1ae00f\" data-element_type=\"widget\" data-widget_type=\"text-editor.default\">\n\t\t\t\t\t\t\t\t\t<p>Convertimos su visi\u00f3n en espacios inolvidables con un apoyo total al proyecto de principio a fin.<\/p>\t\t\t\t\t\t\t\t<\/div>\n\t\t\t\t<div class=\"elementor-element elementor-element-50eb5843 elementor-mobile-align-justify elementor-align-center elementor-widget__width-inherit elementor-widget elementor-widget-button\" data-id=\"50eb5843\" data-element_type=\"widget\" data-widget_type=\"button.default\">\n\t\t\t\t\t\t\t\t\t\t<a class=\"elementor-button elementor-button-link elementor-size-sm\" href=\"\/es\/contact\/\">\n\t\t\t\t\t\t<span class=\"elementor-button-content-wrapper\">\n\t\t\t\t\t\t<span class=\"elementor-button-icon\">\n\t\t\t\t<i aria-hidden=\"true\" class=\"jki jki-arrow-up-right-line\"><\/i>\t\t\t<\/span>\n\t\t\t\t\t\t\t\t\t<span class=\"elementor-button-text\">P\u00f3ngase en contacto con nosotros<\/span>\n\t\t\t\t\t<\/span>\n\t\t\t\t\t<\/a>\n\t\t\t\t\t\t\t\t<\/div>\n\t\t\t\t<\/div>\n\t\t\t\t<\/div>\n\t\t\t\t<\/div>\n\t\t\t\t<\/div>","protected":false},"excerpt":{"rendered":"<p>Project Detail Design that transforms hospitality spaces We create tailored solutions for hospitality environments, blending design, functionality, and character to deliver memorable experiences. LOCATION : Riviera Cancun TYPE: Renovation STATUS: Completed The Hotel Transformation Project Set at Punta Canc\u00fan\u2014the meeting point of Cancun\u2019s famed shoreline and the turquoise sea\u2014Hyatt Ziva Cancun is a luxurious 5\u2011star, [&hellip;]<\/p>","protected":false},"author":1,"featured_media":0,"parent":136,"menu_order":0,"comment_status":"closed","ping_status":"closed","template":"elementor_header_footer","meta":{"footnotes":""},"class_list":["post-1020","page","type-page","status-publish","hentry"],"_links":{"self":[{"href":"https:\/\/cde-global.com\/es\/wp-json\/wp\/v2\/pages\/1020","targetHints":{"allow":["GET"]}}],"collection":[{"href":"https:\/\/cde-global.com\/es\/wp-json\/wp\/v2\/pages"}],"about":[{"href":"https:\/\/cde-global.com\/es\/wp-json\/wp\/v2\/types\/page"}],"author":[{"embeddable":true,"href":"https:\/\/cde-global.com\/es\/wp-json\/wp\/v2\/users\/1"}],"replies":[{"embeddable":true,"href":"https:\/\/cde-global.com\/es\/wp-json\/wp\/v2\/comments?post=1020"}],"version-history":[{"count":0,"href":"https:\/\/cde-global.com\/es\/wp-json\/wp\/v2\/pages\/1020\/revisions"}],"up":[{"embeddable":true,"href":"https:\/\/cde-global.com\/es\/wp-json\/wp\/v2\/pages\/136"}],"wp:attachment":[{"href":"https:\/\/cde-global.com\/es\/wp-json\/wp\/v2\/media?parent=1020"}],"curies":[{"name":"wp","href":"https:\/\/api.w.org\/{rel}","templated":true}]}}