{"id":2342,"date":"2025-08-14T18:01:28","date_gmt":"2025-08-14T18:01:28","guid":{"rendered":"https:\/\/cde-global.com\/?page_id=2342"},"modified":"2025-08-19T12:38:03","modified_gmt":"2025-08-19T12:38:03","slug":"cookie-policy","status":"publish","type":"page","link":"https:\/\/cde-global.com\/es\/cookie-policy\/","title":{"rendered":"Pol\u00edtica de cookies"},"content":{"rendered":"<div data-elementor-type=\"wp-page\" data-elementor-id=\"2342\" class=\"elementor elementor-2342\" data-elementor-post-type=\"page\">\n\t\t\t\t<div class=\"elementor-element elementor-element-b451887 e-flex e-con-boxed e-con e-parent\" data-id=\"b451887\" data-element_type=\"container\">\n\t\t\t\t\t<div class=\"e-con-inner\">\n\t\t\t\t<div class=\"elementor-element elementor-element-12ddd70 elementor-widget elementor-widget-heading\" data-id=\"12ddd70\" data-element_type=\"widget\" data-widget_type=\"heading.default\">\n\t\t\t\t\t<h2 class=\"elementor-heading-title elementor-size-default\">Pol\u00edtica de cookies<\/h2>\t\t\t\t<\/div>\n\t\t\t\t<div class=\"elementor-element elementor-element-f3ae16a elementor-widget elementor-widget-text-editor\" data-id=\"f3ae16a\" data-element_type=\"widget\" data-widget_type=\"text-editor.default\">\n\t\t\t\t\t\t\t\t\t<section data-id=\"65ead88\" data-element_type=\"section\"><div data-id=\"8a6033b\" data-element_type=\"column\"><div data-id=\"86765d5\" data-element_type=\"widget\" data-widget_type=\"text-editor.default\"><div data-id=\"2a6bc34\" data-element_type=\"widget\" data-widget_type=\"heading.default\"><h5 data-start=\"87\" data-end=\"117\">INFORMACI\u00d3N SOBRE COOKIES<\/h5><p data-start=\"119\" data-end=\"612\">De conformidad con la Ley 34\/2002, de 11 de julio, de Servicios de la Sociedad de la Informaci\u00f3n y Comercio Electr\u00f3nico (LSSI), en relaci\u00f3n con el Reglamento (UE) 2016\/679 del Parlamento Europeo y del Consejo, de 27 de abril de 2016, Reglamento General de Protecci\u00f3n de Datos (RGPD), y la Ley Org\u00e1nica 3\/2018, de 5 de diciembre, de Protecci\u00f3n de Datos y Garant\u00eda de los Derechos Digitales (LOPDGDD), es obligatorio obtener el consentimiento expreso del usuario de todos los sitios web que utilicen cookies no esenciales, antes de que el usuario navegue por ellos.<\/p><h5 data-start=\"614\" data-end=\"637\">\u00bfQU\u00c9 SON LAS COOKIES?<\/h5><p data-start=\"639\" data-end=\"878\">Las cookies y otras tecnolog\u00edas similares, como los objetos locales compartidos, las flash cookies o los p\u00edxeles, son herramientas utilizadas por los servidores web para almacenar y recuperar informaci\u00f3n sobre sus visitantes, as\u00ed como para garantizar el correcto funcionamiento del sitio.<\/p><p data-start=\"880\" data-end=\"1114\">Mediante el uso de estos dispositivos, el servidor web es capaz de recordar ciertos datos relativos al usuario, como sus preferencias para la visualizaci\u00f3n de las p\u00e1ginas de dicho servidor, su nombre de usuario y contrase\u00f1a, los productos que m\u00e1s le interesan, etc.<\/p><h5 data-start=\"1116\" data-end=\"1172\">COOKIES AFECTADAS POR LA NORMATIVA Y COOKIES EXENTAS<\/h5><p data-start=\"1174\" data-end=\"1470\">Seg\u00fan la directiva de la UE, las cookies que requieren el consentimiento informado del usuario son las cookies anal\u00edticas, publicitarias y de afiliaci\u00f3n, a excepci\u00f3n de las cookies t\u00e9cnicas y las necesarias para el funcionamiento del sitio web o para la prestaci\u00f3n de servicios expresamente solicitados por el usuario.<\/p><h5 data-start=\"1472\" data-end=\"1494\">TIPOS DE COOKIES<\/h5><p data-start=\"1496\" data-end=\"1522\"><strong data-start=\"1496\" data-end=\"1520\">SEG\u00daN EL PROP\u00d3SITO<\/strong><\/p><ul data-start=\"1524\" data-end=\"3417\"><li data-start=\"1524\" data-end=\"1690\"><p data-start=\"1526\" data-end=\"1690\"><strong data-start=\"1526\" data-end=\"1562\">Cookies t\u00e9cnicas y funcionales<\/strong>: permiten al usuario navegar por una p\u00e1gina web, plataforma o aplicaci\u00f3n y utilizar las distintas opciones o servicios disponibles.<\/p><\/li><li data-start=\"1691\" data-end=\"2138\"><p data-start=\"1693\" data-end=\"2138\"><strong data-start=\"1693\" data-end=\"1714\">Cookies anal\u00edticas<\/strong>: permiten a su responsable el seguimiento y an\u00e1lisis del comportamiento de los usuarios en los sitios web a los que est\u00e1n vinculadas. La informaci\u00f3n recogida mediante este tipo de cookies se utiliza en la medici\u00f3n de la actividad de los sitios web, aplicaci\u00f3n o plataforma y para la elaboraci\u00f3n de perfiles de navegaci\u00f3n de los usuarios de dichos sitios, aplicaciones y plataformas, con el fin de introducir mejoras en funci\u00f3n del an\u00e1lisis de los datos de uso que hacen los usuarios del servicio.<\/p><\/li><li data-start=\"2139\" data-end=\"2480\"><p data-start=\"2141\" data-end=\"2480\"><strong data-start=\"2141\" data-end=\"2164\">Cookies publicitarias<\/strong>: permiten gestionar, de la forma m\u00e1s eficaz posible, los espacios publicitarios que, en su caso, el editor haya incluido en una p\u00e1gina web, aplicaci\u00f3n o plataforma desde la que se presta el servicio solicitado, en base a criterios como el contenido publicado o la frecuencia en la que se muestran los anuncios.<\/p><\/li><li data-start=\"2481\" data-end=\"2822\"><p data-start=\"2483\" data-end=\"2822\"><strong data-start=\"2483\" data-end=\"2517\">Cookies de publicidad comportamental<\/strong>: recoger informaci\u00f3n sobre las preferencias y elecciones personales del usuario (retargeting) para permitir la gesti\u00f3n, de la forma m\u00e1s eficaz posible, de los espacios publicitarios que, en su caso, el editor haya incluido en una p\u00e1gina web, aplicaci\u00f3n o plataforma desde la que se preste el servicio solicitado.<\/p><\/li><li data-start=\"2823\" data-end=\"3112\"><p data-start=\"2825\" data-end=\"3112\"><strong data-start=\"2825\" data-end=\"2843\">Cookies sociales<\/strong>: establecidas por las plataformas de medios sociales en los servicios para permitir a los usuarios compartir contenidos con sus amigos y redes. Las plataformas de medios sociales pueden rastrear la actividad en l\u00ednea fuera de los Servicios. Esto puede afectar a los contenidos y mensajes vistos en otros servicios visitados.<\/p><\/li><li data-start=\"3113\" data-end=\"3267\"><p data-start=\"3115\" data-end=\"3267\"><strong data-start=\"3115\" data-end=\"3136\">Cookies de afiliaci\u00f3n<\/strong>permitir el seguimiento de las visitas procedentes de otros sitios web, con los que el sitio web establece un contrato de afiliaci\u00f3n (empresas afiliadas).<\/p><\/li><li data-start=\"3268\" data-end=\"3417\"><p data-start=\"3270\" data-end=\"3417\"><strong data-start=\"3270\" data-end=\"3290\">Cookies de seguridad<\/strong>: almacenan informaci\u00f3n cifrada para evitar que los datos almacenados en ellos sean vulnerables a ataques malintencionados de terceros.<\/p><\/li><\/ul><p data-start=\"3419\" data-end=\"3447\">\u00a0<\/p><p data-start=\"3419\" data-end=\"3447\"><strong data-start=\"3419\" data-end=\"3445\">SEG\u00daN LA PROPIEDAD<\/strong><\/p><ul data-start=\"3449\" data-end=\"3792\"><li data-start=\"3449\" data-end=\"3610\"><p data-start=\"3451\" data-end=\"3610\"><strong data-start=\"3451\" data-end=\"3474\">Cookies de origen<\/strong>: enviado al terminal del usuario desde un ordenador o dominio gestionado por el propio editor y desde el que se presta el servicio solicitado.<\/p><\/li><li data-start=\"3611\" data-end=\"3792\"><p data-start=\"3613\" data-end=\"3792\"><strong data-start=\"3613\" data-end=\"3636\">Cookies de terceros<\/strong>: enviadas al terminal del usuario desde un equipo o dominio no gestionado por el editor, sino por otra entidad que trata los datos obtenidos a trav\u00e9s de las cookies.<\/p><\/li><\/ul><p data-start=\"3794\" data-end=\"3829\">\u00a0<\/p><p data-start=\"3794\" data-end=\"3829\"><strong data-start=\"3794\" data-end=\"3827\">SEG\u00daN EL PERIODO DE CONSERVACI\u00d3N<\/strong><\/p><ul data-start=\"3831\" data-end=\"4139\"><li data-start=\"3831\" data-end=\"3925\"><p data-start=\"3833\" data-end=\"3925\"><strong data-start=\"3833\" data-end=\"3852\">Cookies de sesi\u00f3n<\/strong>: dise\u00f1ado para recoger y almacenar datos mientras el usuario accede a un sitio web.<\/p><\/li><li data-start=\"3926\" data-end=\"4139\"><p data-start=\"3928\" data-end=\"4139\"><strong data-start=\"3928\" data-end=\"3950\">Cookies persistentes<\/strong>: en el que los datos permanecen almacenados en el terminal y pueden ser consultados y tratados durante un periodo definido por el responsable de las cookies, que puede ir de unos minutos a varios a\u00f1os.<\/p><\/li><\/ul><h3 data-start=\"4141\" data-end=\"4174\">\u00a0<\/h3><h5 data-start=\"4141\" data-end=\"4174\"><strong>TRATAMIENTO DE DATOS PERSONALES<\/strong><\/h5><p data-start=\"4176\" data-end=\"4461\"><strong data-start=\"4176\" data-end=\"4211\">CASTRO SINERGIA (SANDRA CASTRO)<\/strong> es el Responsable del Tratamiento de los datos personales del Interesado y le informa que dichos datos ser\u00e1n tratados de conformidad con el Reglamento (UE) 2016\/679 de 27 de abril de 2016 (GDPR), por lo que se facilita la siguiente informaci\u00f3n de tratamiento:<\/p><ul data-start=\"4463\" data-end=\"4926\"><li data-start=\"4463\" data-end=\"4554\"><p data-start=\"4465\" data-end=\"4554\"><strong data-start=\"4465\" data-end=\"4490\">Finalidad del tratamiento<\/strong>: tal y como se especifica en el apartado de cookies utilizadas en este sitio web.<\/p><\/li><li data-start=\"4555\" data-end=\"4690\"><p data-start=\"4557\" data-end=\"4690\"><strong data-start=\"4557\" data-end=\"4586\">Base jur\u00eddica del tratamiento<\/strong>excepto cuando sea necesario para navegar por el sitio web, mediante el consentimiento del interesado (art. 6.1 del RGPD).<\/p><\/li><li data-start=\"4691\" data-end=\"4783\"><p data-start=\"4693\" data-end=\"4783\"><strong data-start=\"4693\" data-end=\"4720\">Criterios de conservaci\u00f3n de datos<\/strong>: tal y como se especifica en el apartado de cookies utilizadas en el sitio web.<\/p><\/li><li data-start=\"4784\" data-end=\"4926\"><p data-start=\"4786\" data-end=\"4926\"><strong data-start=\"4786\" data-end=\"4805\">Divulgaci\u00f3n de datos<\/strong>: los datos no se comunicar\u00e1n a terceros, salvo en el caso de cookies de terceros o por obligaci\u00f3n legal.<\/p><\/li><\/ul><p data-start=\"4928\" data-end=\"4961\"><strong data-start=\"4928\" data-end=\"4958\">Derechos del interesado<\/strong>:<\/p><ul data-start=\"4962\" data-end=\"5303\"><li data-start=\"4962\" data-end=\"5004\"><p data-start=\"4964\" data-end=\"5004\">Derecho a retirar el consentimiento en cualquier momento.<\/p><\/li><li data-start=\"5005\" data-end=\"5127\"><p data-start=\"5007\" data-end=\"5127\">Derecho de acceso, rectificaci\u00f3n, portabilidad y supresi\u00f3n de sus datos, as\u00ed como de limitaci\u00f3n u oposici\u00f3n a su tratamiento.<\/p><\/li><li data-start=\"5128\" data-end=\"5303\"><p data-start=\"5130\" data-end=\"5303\">Derecho a presentar una reclamaci\u00f3n ante la Autoridad de Supervisi\u00f3n (<a class=\"decorated-link\" href=\"http:\/\/www.aepd.es\" target=\"_new\" rel=\"noopener\" data-start=\"5189\" data-end=\"5222\">www.aepd.es<\/a>) si considera que el tratamiento no se ajusta a la legislaci\u00f3n vigente.<\/p><\/li><\/ul><p data-start=\"5305\" data-end=\"5351\"><strong data-start=\"5305\" data-end=\"5348\">Datos de contacto para ejercer sus derechos<\/strong>:<\/p><ul data-start=\"5352\" data-end=\"5478\"><li data-start=\"5352\" data-end=\"5380\"><p data-start=\"5354\" data-end=\"5380\">CDE (Centro de Dise\u00f1o Espa\u00f1ol)<\/p><\/li><li data-start=\"5352\" data-end=\"5380\"><p data-start=\"5354\" data-end=\"5380\">CDE090911I11<\/p><\/li><li data-start=\"5352\" data-end=\"5380\"><p data-start=\"5354\" data-end=\"5380\">Calle Sinaloa 222, Interior 402 Colonia Roma Norte, Alcald\u00eda Cuauht\u00e9moc, Ciudad de M\u00e9xico, C.P. 06700 Entre calle Acapulco y calle Sonora<\/p><\/li><\/ul><h4 data-start=\"5485\" data-end=\"5519\">\u00a0<\/h4><h4 data-start=\"5485\" data-end=\"5519\"><strong>COOKIES UTILIZADAS EN ESTE SITIO WEB:<\/strong><\/h4><p>\u00a0<\/p><h5 data-start=\"5521\" data-end=\"5560\"><strong>COOKIES CONTROLADAS POR EL EDITOR<\/strong><\/h5><p>\u00a0<\/p><h5 data-start=\"109\" data-end=\"139\"><strong>T\u00c9CNICO Y FUNCIONAL<\/strong><\/h5><div class=\"_tableContainer_sk2ct_1\"><div class=\"_tableWrapper_sk2ct_13 group flex w-fit flex-col-reverse\" tabindex=\"-1\"><table class=\"w-fit min-w-(--thread-content-width)\" data-start=\"141\" data-end=\"748\"><thead data-start=\"141\" data-end=\"261\"><tr data-start=\"141\" data-end=\"261\"><th data-start=\"141\" data-end=\"160\" data-col-size=\"sm\">Propiedad<\/th><th data-start=\"160\" data-end=\"173\" data-col-size=\"sm\">Galleta<\/th><th data-start=\"173\" data-end=\"247\" data-col-size=\"md\">Prop\u00f3sito<\/th><th data-start=\"247\" data-end=\"261\" data-col-size=\"sm\">Duraci\u00f3n<\/th><\/tr><\/thead><tbody data-start=\"383\" data-end=\"748\"><tr data-start=\"383\" data-end=\"504\"><td data-start=\"383\" data-end=\"402\" data-col-size=\"sm\">cde-global.com<\/td><td data-col-size=\"sm\" data-start=\"402\" data-end=\"415\">_utmc<\/td><td data-col-size=\"md\" data-start=\"415\" data-end=\"490\">Cookie necesaria para el uso de las opciones y servicios del sitio web<\/td><td data-col-size=\"sm\" data-start=\"490\" data-end=\"504\">1 a\u00f1o<\/td><\/tr><tr data-start=\"505\" data-end=\"626\"><td data-start=\"505\" data-end=\"524\" data-col-size=\"sm\">cde-global.com<\/td><td data-col-size=\"sm\" data-start=\"524\" data-end=\"537\">_utmc_utma<\/td><td data-col-size=\"md\" data-start=\"537\" data-end=\"612\">Cookie necesaria para el uso de las opciones y servicios del sitio web<\/td><td data-col-size=\"sm\" data-start=\"612\" data-end=\"626\">1 a\u00f1o<\/td><\/tr><tr data-start=\"627\" data-end=\"748\"><td data-start=\"627\" data-end=\"646\" data-col-size=\"sm\">cde-global.com<\/td><td data-col-size=\"sm\" data-start=\"646\" data-end=\"659\">_utmc_utmb<\/td><td data-col-size=\"md\" data-start=\"659\" data-end=\"734\">Cookie necesaria para el uso de las opciones y servicios del sitio web<\/td><td data-col-size=\"sm\" data-start=\"734\" data-end=\"748\">1 a\u00f1o<\/td><\/tr><\/tbody><\/table><\/div><\/div><h5 data-start=\"755\" data-end=\"770\">\u00a0<\/h5><h5 data-start=\"755\" data-end=\"770\"><strong>AN\u00c1LISIS<\/strong><\/h5><div class=\"_tableContainer_sk2ct_1\"><div class=\"_tableWrapper_sk2ct_13 group flex w-fit flex-col-reverse\" tabindex=\"-1\"><table class=\"w-fit min-w-(--thread-content-width)\" data-start=\"772\" data-end=\"984\"><thead data-start=\"772\" data-end=\"842\"><tr data-start=\"772\" data-end=\"842\"><th data-start=\"772\" data-end=\"791\" data-col-size=\"sm\">Propiedad<\/th><th data-start=\"791\" data-end=\"800\" data-col-size=\"sm\">Galleta<\/th><th data-start=\"800\" data-end=\"828\" data-col-size=\"sm\">Prop\u00f3sito<\/th><th data-start=\"828\" data-end=\"842\" data-col-size=\"sm\">Duraci\u00f3n<\/th><\/tr><\/thead><tbody data-start=\"914\" data-end=\"984\"><tr data-start=\"914\" data-end=\"984\"><td data-start=\"914\" data-end=\"933\" data-col-size=\"sm\">cde-global.com<\/td><td data-start=\"933\" data-end=\"942\" data-col-size=\"sm\">_ga<\/td><td data-col-size=\"sm\" data-start=\"942\" data-end=\"970\">ID utilizado para identificar a los usuarios<\/td><td data-col-size=\"sm\" data-start=\"970\" data-end=\"984\">2 a\u00f1os<\/td><\/tr><\/tbody><\/table><\/div><\/div><h3 data-start=\"991\" data-end=\"1016\">\u00a0<\/h3><h5 data-start=\"991\" data-end=\"1016\"><strong>COOKIES DE TERCEROS<\/strong><\/h5><p data-start=\"1018\" data-end=\"1159\">Los servicios de terceros est\u00e1n fuera del control del editor. Los proveedores pueden modificar sus condiciones de servicio, finalidad y uso de cookies en cualquier momento.<\/p><p data-start=\"1161\" data-end=\"1202\"><strong data-start=\"1161\" data-end=\"1200\">Proveedores externos de este sitio web:<\/strong><\/p><div class=\"_tableContainer_sk2ct_1\"><div class=\"_tableWrapper_sk2ct_13 group flex w-fit flex-col-reverse\" tabindex=\"-1\"><table class=\"w-fit min-w-(--thread-content-width)\" data-start=\"1204\" data-end=\"1353\"><thead data-start=\"1204\" data-end=\"1243\"><tr data-start=\"1204\" data-end=\"1243\"><th data-start=\"1204\" data-end=\"1223\" data-col-size=\"sm\">Proveedor<\/th><th data-start=\"1223\" data-end=\"1243\" data-col-size=\"md\">Pol\u00edtica de privacidad<\/th><\/tr><\/thead><tbody data-start=\"1284\" data-end=\"1353\"><tr data-start=\"1284\" data-end=\"1353\"><td data-start=\"1284\" data-end=\"1303\" data-col-size=\"sm\">Google Analytics<\/td><td data-col-size=\"md\" data-start=\"1303\" data-end=\"1353\"><a class=\"decorated-link\" href=\"https:\/\/privacy.google.com\/take-control.html\" target=\"_new\" rel=\"noopener\" data-start=\"1305\" data-end=\"1349\">https:\/\/privacy.google.com\/take-control.html<\/a><\/td><\/tr><\/tbody><\/table><\/div><\/div><p data-start=\"1360\" data-end=\"1387\">\u00a0<\/p><p data-start=\"1360\" data-end=\"1387\">PANEL DE CONFIGURACI\u00d3N DE COOKIES<\/p><p data-start=\"1389\" data-end=\"1618\">Desde este panel podr\u00e1 configurar las cookies que el sitio web podr\u00e1 instalar en su navegador, salvo las cookies t\u00e9cnicas o funcionales necesarias para la navegaci\u00f3n y la utilizaci\u00f3n de las diferentes opciones o servicios que se ofrecen.<\/p><h5 data-start=\"1625\" data-end=\"1669\">\u00a0<\/h5><h5 data-start=\"1625\" data-end=\"1669\"><strong>C\u00d3MO GESTIONAR LAS COOKIES DESDE EL NAVEGADOR<\/strong><\/h5><p data-start=\"1671\" data-end=\"1932\"><strong data-start=\"1671\" data-end=\"1705\">Eliminar las cookies del dispositivo<\/strong><br data-start=\"1705\" data-end=\"1708\" \/>Las cookies que ya est\u00e1n en un dispositivo pueden eliminarse borrando el historial del navegador, lo que elimina las cookies de todos los sitios web visitados.<br data-start=\"1832\" data-end=\"1835\" \/>Sin embargo, tambi\u00e9n puede perderse parte de la informaci\u00f3n guardada (por ejemplo, los datos de inicio de sesi\u00f3n o las preferencias del sitio).<\/p><p data-start=\"1934\" data-end=\"2090\"><strong data-start=\"1934\" data-end=\"1966\">Gestionar cookies espec\u00edficas del sitio<\/strong><br data-start=\"1966\" data-end=\"1969\" \/>Para un control m\u00e1s preciso de las cookies espec\u00edficas de un sitio, los usuarios pueden ajustar su configuraci\u00f3n de privacidad y cookies en el navegador.<\/p><p data-start=\"2092\" data-end=\"2387\"><strong data-start=\"2092\" data-end=\"2109\">Bloquear cookies<\/strong><br data-start=\"2109\" data-end=\"2112\" \/>Aunque la mayor\u00eda de los navegadores modernos pueden configurarse para impedir la instalaci\u00f3n de cookies en los dispositivos, esto puede requerir el ajuste manual de ciertas preferencias cada vez que se visita un sitio o una p\u00e1gina. Adem\u00e1s, es posible que algunos servicios y funciones no funcionen correctamente (por ejemplo, el inicio de sesi\u00f3n en el perfil).<\/p><h5 data-start=\"2394\" data-end=\"2449\">\u00a0<\/h5><h5 data-start=\"2394\" data-end=\"2449\"><strong>C\u00d3MO ELIMINAR LAS COOKIES EN LOS NAVEGADORES M\u00c1S COMUNES<\/strong><\/h5><ul data-start=\"2451\" data-end=\"2997\"><li data-start=\"2451\" data-end=\"2518\"><p data-start=\"2453\" data-end=\"2518\"><strong data-start=\"2453\" data-end=\"2463\">Cromo<\/strong>: <a class=\"decorated-link cursor-pointer\" target=\"_new\" rel=\"noopener\" data-start=\"2465\" data-end=\"2516\">http:\/\/support.google.com\/chrome\/answer\/95647?hl=en<\/a><\/p><\/li><li data-start=\"2519\" data-end=\"2653\"><p data-start=\"2521\" data-end=\"2653\"><strong data-start=\"2521\" data-end=\"2529\">Borde<\/strong>: <a class=\"decorated-link cursor-pointer\" target=\"_new\" rel=\"noopener\" data-start=\"2531\" data-end=\"2651\">https:\/\/support.microsoft.com\/en-us\/microsoft-edge\/delete-cookies-in-microsoft-edge-63947406-40ac-c3b8-57b9-2a946a29ae09<\/a><\/p><\/li><li data-start=\"2654\" data-end=\"2767\"><p data-start=\"2656\" data-end=\"2767\"><strong data-start=\"2656\" data-end=\"2668\">Explorador<\/strong>: <a class=\"decorated-link cursor-pointer\" target=\"_new\" rel=\"noopener\" data-start=\"2670\" data-end=\"2765\">https:\/\/support.microsoft.com\/en-us\/help\/278835\/how-to-delete-cookie-files-in-internet-explorer<\/a><\/p><\/li><li data-start=\"2768\" data-end=\"2840\"><p data-start=\"2770\" data-end=\"2840\"><strong data-start=\"2770\" data-end=\"2781\">Firefox<\/strong>: <a class=\"decorated-link\" href=\"https:\/\/www.mozilla.org\/en-US\/privacy\/websites\/#cookies\" target=\"_new\" rel=\"noopener\" data-start=\"2783\" data-end=\"2838\">https:\/\/www.mozilla.org\/en-US\/privacy\/websites\/#cookies<\/a><\/p><\/li><li data-start=\"2841\" data-end=\"2909\"><p data-start=\"2843\" data-end=\"2909\"><strong data-start=\"2843\" data-end=\"2853\">Safari<\/strong>: <a class=\"decorated-link cursor-pointer\" target=\"_new\" rel=\"noopener\" data-start=\"2855\" data-end=\"2907\">https:\/\/support.apple.com\/guide\/safari\/sfri11471\/mac<\/a><\/p><\/li><li data-start=\"2910\" data-end=\"2997\"><p data-start=\"2912\" data-end=\"2997\"><strong data-start=\"2912\" data-end=\"2921\">\u00d3pera<\/strong>: <a class=\"decorated-link\" href=\"https:\/\/help.opera.com\/en\/latest\/security-and-privacy\/#clearBrowsingData\" target=\"_new\" rel=\"noopener\" data-start=\"2923\" data-end=\"2995\">https:\/\/help.opera.com\/en\/latest\/security-and-privacy\/#clearBrowsingData<\/a><\/p><\/li><\/ul><p data-start=\"3004\" data-end=\"3047\">\u00a0<\/p><\/div><\/div><\/div><\/section>\t\t\t\t\t\t\t\t<\/div>\n\t\t\t\t\t<\/div>\n\t\t\t\t<\/div>\n\t\t\t\t<\/div>","protected":false},"excerpt":{"rendered":"<p>Cookie Policy INFORMATION ABOUT COOKIES In accordance with Law 34\/2002 of July 11, on Information Society Services and Electronic Commerce (LSSI), in relation to Regulation (EU) 2016\/679 of the European Parliament and of the Council, of April 27, 2016, General Data Protection Regulation (GDPR), and Organic Law 3\/2018 of December 5, on Data Protection and [&hellip;]<\/p>","protected":false},"author":1,"featured_media":0,"parent":0,"menu_order":0,"comment_status":"closed","ping_status":"closed","template":"","meta":{"footnotes":""},"class_list":["post-2342","page","type-page","status-publish","hentry"],"_links":{"self":[{"href":"https:\/\/cde-global.com\/es\/wp-json\/wp\/v2\/pages\/2342","targetHints":{"allow":["GET"]}}],"collection":[{"href":"https:\/\/cde-global.com\/es\/wp-json\/wp\/v2\/pages"}],"about":[{"href":"https:\/\/cde-global.com\/es\/wp-json\/wp\/v2\/types\/page"}],"author":[{"embeddable":true,"href":"https:\/\/cde-global.com\/es\/wp-json\/wp\/v2\/users\/1"}],"replies":[{"embeddable":true,"href":"https:\/\/cde-global.com\/es\/wp-json\/wp\/v2\/comments?post=2342"}],"version-history":[{"count":7,"href":"https:\/\/cde-global.com\/es\/wp-json\/wp\/v2\/pages\/2342\/revisions"}],"predecessor-version":[{"id":2399,"href":"https:\/\/cde-global.com\/es\/wp-json\/wp\/v2\/pages\/2342\/revisions\/2399"}],"wp:attachment":[{"href":"https:\/\/cde-global.com\/es\/wp-json\/wp\/v2\/media?parent=2342"}],"curies":[{"name":"wp","href":"https:\/\/api.w.org\/{rel}","templated":true}]}}