{"id":3,"date":"2025-07-09T10:49:29","date_gmt":"2025-07-09T10:49:29","guid":{"rendered":"https:\/\/cde.robocomp.top\/?page_id=3"},"modified":"2025-08-19T12:42:16","modified_gmt":"2025-08-19T12:42:16","slug":"privacy-policy","status":"publish","type":"page","link":"https:\/\/cde-global.com\/es\/privacy-policy\/","title":{"rendered":"Pol\u00edtica de privacidad"},"content":{"rendered":"<div data-elementor-type=\"wp-page\" data-elementor-id=\"3\" class=\"elementor elementor-3\" data-elementor-post-type=\"page\">\n\t\t\t\t<div class=\"elementor-element elementor-element-49cbde65 e-flex e-con-boxed e-con e-parent\" data-id=\"49cbde65\" data-element_type=\"container\">\n\t\t\t\t\t<div class=\"e-con-inner\">\n\t\t\t\t<div class=\"elementor-element elementor-element-fcbd585 elementor-widget elementor-widget-heading\" data-id=\"fcbd585\" data-element_type=\"widget\" data-widget_type=\"heading.default\">\n\t\t\t\t\t<h2 class=\"elementor-heading-title elementor-size-default\">Pol\u00edtica de privacidad<\/h2>\t\t\t\t<\/div>\n\t\t\t\t<div class=\"elementor-element elementor-element-1823adba elementor-widget elementor-widget-text-editor\" data-id=\"1823adba\" data-element_type=\"widget\" data-widget_type=\"text-editor.default\">\n\t\t\t\t\t\t\t\t\t<h5 data-start=\"76\" data-end=\"109\"><strong data-start=\"76\" data-end=\"107\">1. Informaci\u00f3n para el usuario<\/strong><\/h5><p data-start=\"111\" data-end=\"170\"><strong data-start=\"111\" data-end=\"168\">\u00bfQui\u00e9n es responsable del tratamiento de sus datos personales?<\/strong><\/p><p data-start=\"172\" data-end=\"423\">Centro de Dise\u00f1o Espa\u00f1ol es el RESPONSABLE del tratamiento de los datos personales del USUARIO y le informa que dichos datos ser\u00e1n tratados de conformidad con lo establecido en el Reglamento (UE) 2016\/679, de 27 de abril (GDPR), y en la Ley Org\u00e1nica 3\/2018, de 5 de diciembre (LOPDGDD).<\/p><p data-start=\"425\" data-end=\"481\">\u00a0<\/p><p data-start=\"425\" data-end=\"481\"><strong data-start=\"425\" data-end=\"479\">\u00bfCon qu\u00e9 fin tratamos sus datos personales?<\/strong><\/p><p data-start=\"483\" data-end=\"584\">Mantener una relaci\u00f3n comercial con el usuario. Las operaciones previstas para el tratamiento incluyen:<\/p><ul data-start=\"586\" data-end=\"1360\"><li data-start=\"586\" data-end=\"1041\"><p data-start=\"588\" data-end=\"1041\">Remisi\u00f3n de comunicaciones comerciales y publicitarias por e-mail, fax, SMS, MMS, redes sociales, o cualquier otro medio electr\u00f3nico o f\u00edsico, presente o futuro, que posibilite realizar comunicaciones comerciales. Estas comunicaciones ser\u00e1n realizadas por parte del RESPONSABLE y ser\u00e1n relacionadas sobre sus productos y servicios, o de sus colaboradores o proveedores con los que \u00e9ste hubiera alcanzado alg\u00fan acuerdo. En este caso, los terceros nunca tendr\u00e1n acceso a los datos personales.<\/p><\/li><li data-start=\"1042\" data-end=\"1098\"><p data-start=\"1044\" data-end=\"1098\">Realizaci\u00f3n de estudios de mercado y an\u00e1lisis estad\u00edsticos.<\/p><\/li><li data-start=\"1099\" data-end=\"1267\"><p data-start=\"1101\" data-end=\"1267\">Tramitar encargos, solicitudes, responder consultas o cualquier tipo de petici\u00f3n que sea realizada por el USUARIO a trav\u00e9s de cualquiera de los formularios de contacto habilitados en el sitio web del RESPONSABLE.<\/p><\/li><li data-start=\"1268\" data-end=\"1360\"><p data-start=\"1270\" data-end=\"1360\">Env\u00edo del bolet\u00edn online con noticias, ofertas y promociones relacionadas con nuestra actividad.<\/p><\/li><\/ul><p data-start=\"1362\" data-end=\"1417\">\u00a0<\/p><p data-start=\"1362\" data-end=\"1417\"><strong data-start=\"1362\" data-end=\"1415\">\u00bfPor qu\u00e9 estamos autorizados a tratar sus datos personales?<\/strong><\/p><p data-start=\"1419\" data-end=\"1498\">Porque el tratamiento est\u00e1 legitimado en virtud del art\u00edculo 6 del GDPR de la siguiente manera:<\/p><ul data-start=\"1500\" data-end=\"1746\"><li data-start=\"1500\" data-end=\"1582\"><p data-start=\"1502\" data-end=\"1582\">Con el consentimiento del USUARIO: env\u00edo de comunicaciones comerciales y del bolet\u00edn informativo.<\/p><\/li><li data-start=\"1583\" data-end=\"1746\"><p data-start=\"1585\" data-end=\"1746\">Por inter\u00e9s leg\u00edtimo del RESPONSABLE: realizaci\u00f3n de estudios de mercado, an\u00e1lisis estad\u00edsticos, etc., y tramitaci\u00f3n de pedidos, solicitudes, etc., a petici\u00f3n del USUARIO.<\/p><\/li><\/ul><p data-start=\"1748\" data-end=\"1795\">\u00a0<\/p><p data-start=\"1748\" data-end=\"1795\"><strong data-start=\"1748\" data-end=\"1793\">\u00bfCu\u00e1nto tiempo conservaremos sus datos personales?<\/strong><\/p><p data-start=\"1797\" data-end=\"2087\">No se conservar\u00e1n m\u00e1s tiempo del necesario para mantener la finalidad del tratamiento o mientras existan obligaciones legales que exijan su conservaci\u00f3n. Cuando ya no sean necesarios, se suprimir\u00e1n utilizando las medidas de seguridad adecuadas para garantizar su anonimizaci\u00f3n o destrucci\u00f3n total.<\/p><p data-start=\"2089\" data-end=\"2135\">\u00a0<\/p><p data-start=\"2089\" data-end=\"2135\"><strong data-start=\"2089\" data-end=\"2133\">\u00bfCon qui\u00e9n compartimos sus datos personales?<\/strong><\/p><p data-start=\"2137\" data-end=\"2480\">No se compartir\u00e1n datos personales con terceros salvo que sea necesario para el desarrollo y ejecuci\u00f3n de las finalidades del tratamiento, en cuyo caso se compartir\u00e1n con nuestros proveedores de servicios relacionados con las comunicaciones, con los que el RESPONSABLE ha firmado los acuerdos de confidencialidad y tratamiento de datos exigidos por la normativa vigente en materia de privacidad.<\/p><p data-start=\"2482\" data-end=\"2509\">\u00a0<\/p><p data-start=\"2482\" data-end=\"2509\"><strong>\u00bfCu\u00e1les son sus derechos?<\/strong><\/p><p data-start=\"2511\" data-end=\"2547\">El USUARIO tiene los siguientes derechos:<\/p><ul data-start=\"2549\" data-end=\"2879\"><li data-start=\"2549\" data-end=\"2595\"><p data-start=\"2551\" data-end=\"2595\">Derecho a retirar el consentimiento en cualquier momento.<\/p><\/li><li data-start=\"2596\" data-end=\"2721\"><p data-start=\"2598\" data-end=\"2721\">Derecho de acceso, rectificaci\u00f3n, portabilidad y supresi\u00f3n de datos, as\u00ed como de limitaci\u00f3n u oposici\u00f3n a su tratamiento.<\/p><\/li><li data-start=\"2722\" data-end=\"2879\"><p data-start=\"2724\" data-end=\"2879\">Derecho a presentar una reclamaci\u00f3n ante la autoridad de control (<a class=\"\" href=\"http:\/\/www.aepd.es\" target=\"_new\" rel=\"noopener\" data-start=\"2787\" data-end=\"2798\">www.aepd.es<\/a>) si consideran que el tratamiento no se ajusta a la normativa vigente.<\/p><\/li><\/ul><p data-start=\"2881\" data-end=\"2926\"><strong data-start=\"2881\" data-end=\"2924\">Datos de contacto para ejercer sus derechos<\/strong><\/p><ul data-start=\"5352\" data-end=\"5478\"><li data-start=\"5352\" data-end=\"5380\"><p data-start=\"5354\" data-end=\"5380\">CDE (Centro de Dise\u00f1o Espa\u00f1ol)<\/p><\/li><li data-start=\"5352\" data-end=\"5380\"><p data-start=\"5354\" data-end=\"5380\">CDE090911I11<\/p><\/li><li data-start=\"5352\" data-end=\"5380\"><p data-start=\"5354\" data-end=\"5380\">Calle Sinaloa 222, Interior 402 Colonia Roma Norte, Alcald\u00eda Cuauht\u00e9moc, Ciudad de M\u00e9xico, C.P. 06700 Entre calle Acapulco y calle Sonora<\/p><\/li><\/ul><h5 data-start=\"2966\" data-end=\"3039\">\u00a0<\/h5><h5 data-start=\"2966\" data-end=\"3039\"><strong data-start=\"2966\" data-end=\"3037\">2. Car\u00e1cter obligatorio o facultativo de la informaci\u00f3n facilitada por el usuario<\/strong><\/h5><p data-start=\"3041\" data-end=\"3502\">Mediante la marcaci\u00f3n de las casillas correspondientes y la introducci\u00f3n de datos en los campos se\u00f1alados con un asterisco (*) en el formulario de contacto o formularios disponibles para su descarga, el USUARIO manifiesta expresa y libremente que sus datos son necesarios para atender su petici\u00f3n por parte del prestador, siendo voluntaria la inclusi\u00f3n de datos en los campos restantes. El USUARIO garantiza que los datos personales facilitados al RESPONSABLE son veraces y se hace responsable de comunicar al mismo cualquier modificaci\u00f3n de los mismos.<\/p><p data-start=\"3504\" data-end=\"3780\">El RESPONSABLE informa que todos los datos solicitados a trav\u00e9s del sitio web son obligatorios, ya que son necesarios para la prestaci\u00f3n de un servicio \u00f3ptimo al USUARIO. En caso de que no sean facilitados todos los datos requeridos, no se garantiza la calidad y adecuaci\u00f3n de la informaci\u00f3n y servicios ofrecidos.<\/p><p data-start=\"3787\" data-end=\"3813\">\u00a0<\/p><h5 data-start=\"3787\" data-end=\"3813\"><strong data-start=\"3787\" data-end=\"3811\">3. 3. Medidas de seguridad<\/strong><\/h5><p data-start=\"3815\" data-end=\"4303\">De conformidad con la normativa vigente en materia de protecci\u00f3n de datos de car\u00e1cter personal, el RESPONSABLE cumple con todas las disposiciones del GDPR y LOPDGDD para el tratamiento de los datos de car\u00e1cter personal bajo su responsabilidad, y en concreto con los principios descritos en el art\u00edculo 5 del GDPR, por los cuales son tratados de forma l\u00edcita, leal y transparente en relaci\u00f3n con el interesado, y son adecuados, pertinentes y limitados a lo necesario en relaci\u00f3n con los fines para los que son tratados.<\/p><p data-start=\"4305\" data-end=\"4699\">El RESPONSABLE garantiza que se han implementado pol\u00edticas t\u00e9cnicas y organizativas apropiadas para aplicar las medidas de seguridad establecidas por el GDPR y la LOPDGDD con el fin de proteger los derechos y libertades de los USUARIOS, y les ha proporcionado la informaci\u00f3n adecuada para ejercer dichos derechos. Para obtener m\u00e1s informaci\u00f3n sobre las garant\u00edas de privacidad, puede ponerse en contacto con el RESPONSABLE a trav\u00e9s de:<\/p><ul data-start=\"5352\" data-end=\"5478\"><li data-start=\"5352\" data-end=\"5380\"><p data-start=\"5354\" data-end=\"5380\">info@cde-global.com<\/p><\/li><\/ul>\t\t\t\t\t\t\t\t<\/div>\n\t\t\t\t\t<\/div>\n\t\t\t\t<\/div>\n\t\t\t\t<\/div>","protected":false},"excerpt":{"rendered":"<p>Privacy Policy 1. Information for the User Who is responsible for processing your personal data? Centro de Dise\u00f1o Espa\u00f1ol is the CONTROLLER of the USER\u2019s personal data and informs you that such data will be processed in accordance with the provisions of Regulation (EU) 2016\/679 of April 27 (GDPR), and Organic Law 3\/2018 of December [&hellip;]<\/p>","protected":false},"author":1,"featured_media":0,"parent":0,"menu_order":0,"comment_status":"closed","ping_status":"closed","template":"","meta":{"footnotes":""},"class_list":["post-3","page","type-page","status-publish","hentry"],"_links":{"self":[{"href":"https:\/\/cde-global.com\/es\/wp-json\/wp\/v2\/pages\/3","targetHints":{"allow":["GET"]}}],"collection":[{"href":"https:\/\/cde-global.com\/es\/wp-json\/wp\/v2\/pages"}],"about":[{"href":"https:\/\/cde-global.com\/es\/wp-json\/wp\/v2\/types\/page"}],"author":[{"embeddable":true,"href":"https:\/\/cde-global.com\/es\/wp-json\/wp\/v2\/users\/1"}],"replies":[{"embeddable":true,"href":"https:\/\/cde-global.com\/es\/wp-json\/wp\/v2\/comments?post=3"}],"version-history":[{"count":16,"href":"https:\/\/cde-global.com\/es\/wp-json\/wp\/v2\/pages\/3\/revisions"}],"predecessor-version":[{"id":2404,"href":"https:\/\/cde-global.com\/es\/wp-json\/wp\/v2\/pages\/3\/revisions\/2404"}],"wp:attachment":[{"href":"https:\/\/cde-global.com\/es\/wp-json\/wp\/v2\/media?parent=3"}],"curies":[{"name":"wp","href":"https:\/\/api.w.org\/{rel}","templated":true}]}}