{"id":710,"date":"2025-07-17T15:45:08","date_gmt":"2025-07-17T15:45:08","guid":{"rendered":"https:\/\/cde.robocomp.top\/?page_id=710"},"modified":"2025-08-06T10:46:40","modified_gmt":"2025-08-06T10:46:40","slug":"w-punta-de-mita-hotel","status":"publish","type":"page","link":"https:\/\/cde-global.com\/es\/portfolio\/w-punta-de-mita-hotel\/","title":{"rendered":"Hotel W Punta de Mita"},"content":{"rendered":"<div data-elementor-type=\"wp-page\" data-elementor-id=\"710\" class=\"elementor elementor-710\" data-elementor-post-type=\"page\">\n\t\t\t\t<div class=\"elementor-element elementor-element-ca12f21 e-flex e-con-boxed e-con e-parent\" data-id=\"ca12f21\" data-element_type=\"container\" data-settings=\"{&quot;background_background&quot;:&quot;classic&quot;}\">\n\t\t\t\t\t<div class=\"e-con-inner\">\n\t\t<div class=\"elementor-element elementor-element-6f8e2c5e e-con-full e-flex e-con e-child\" data-id=\"6f8e2c5e\" data-element_type=\"container\">\n\t\t<div class=\"elementor-element elementor-element-529f1a88 e-con-full e-flex elementor-invisible e-con e-child\" data-id=\"529f1a88\" data-element_type=\"container\" data-settings=\"{&quot;animation&quot;:&quot;slideInUp&quot;,&quot;animation_delay&quot;:150}\">\n\t\t\t\t<div class=\"elementor-element elementor-element-2fb34037 elementor-icon-list--layout-inline elementor-align-center elementor-list-item-link-full_width elementor-invisible elementor-widget elementor-widget-icon-list\" data-id=\"2fb34037\" data-element_type=\"widget\" data-settings=\"{&quot;_animation&quot;:&quot;fadeIn&quot;,&quot;_animation_delay&quot;:250}\" data-widget_type=\"icon-list.default\">\n\t\t\t\t\t\t\t<ul class=\"elementor-icon-list-items elementor-inline-items\">\n\t\t\t\t\t\t\t<li class=\"elementor-icon-list-item elementor-inline-item\">\n\t\t\t\t\t\t\t\t\t\t\t<a href=\"#\">\n\n\t\t\t\t\t\t\t\t\t\t\t<span class=\"elementor-icon-list-text\">Detalle del proyecto<\/span>\n\t\t\t\t\t\t\t\t\t\t\t<\/a>\n\t\t\t\t\t\t\t\t\t<\/li>\n\t\t\t\t\t\t<\/ul>\n\t\t\t\t\t\t<\/div>\n\t\t\t\t<div class=\"elementor-element elementor-element-3908293c elementor-widget elementor-widget-heading\" data-id=\"3908293c\" data-element_type=\"widget\" data-widget_type=\"heading.default\">\n\t\t\t\t\t<h2 class=\"elementor-heading-title elementor-size-default\">Hotel W Punta de Mita<\/h2>\t\t\t\t<\/div>\n\t\t\t\t<\/div>\n\t\t<div class=\"elementor-element elementor-element-4de09a76 e-con-full elementor-hidden-tablet elementor-hidden-mobile e-flex e-con e-child\" data-id=\"4de09a76\" data-element_type=\"container\">\n\t\t\t\t<div class=\"elementor-element elementor-element-333d1471 elementor-hidden-tablet elementor-hidden-mobile elementor-invisible elementor-widget elementor-widget-jkit_heading\" data-id=\"333d1471\" data-element_type=\"widget\" data-settings=\"{&quot;_animation&quot;:&quot;slideInUp&quot;,&quot;_animation_delay&quot;:250}\" data-widget_type=\"jkit_heading.default\">\n\t\t\t\t\t<div  class=\"jeg-elementor-kit jkit-heading  align- align-tablet-left align-mobile-center jeg_module___6a00d1c813f62\" ><div class=\"heading-section-title  display-inline-block\"><h4 class=\"heading-title\">Dise\u00f1o que transforma los espacios de hosteler\u00eda<\/h4><\/div><div class=\"heading-section-description\"><p>Creamos soluciones a medida para entornos de hosteler\u00eda, combinando dise\u00f1o, funcionalidad y car\u00e1cter para ofrecer experiencias memorables.<\/p><\/div><\/div>\t\t\t\t<\/div>\n\t\t\t\t<\/div>\n\t\t\t\t<div class=\"elementor-element elementor-element-4850171d elementor-widget__width-inherit elementor-widget-divider--view-line elementor-invisible elementor-widget elementor-widget-divider\" data-id=\"4850171d\" data-element_type=\"widget\" data-settings=\"{&quot;_animation&quot;:&quot;fadeIn&quot;,&quot;_animation_delay&quot;:250}\" data-widget_type=\"divider.default\">\n\t\t\t\t\t\t\t<div class=\"elementor-divider\">\n\t\t\t<span class=\"elementor-divider-separator\">\n\t\t\t\t\t\t<\/span>\n\t\t<\/div>\n\t\t\t\t\t\t<\/div>\n\t\t\t\t<\/div>\n\t\t\t\t\t<\/div>\n\t\t\t\t<\/div>\n\t\t<div class=\"elementor-element elementor-element-4179eb52 e-con-full e-flex e-con e-parent\" data-id=\"4179eb52\" data-element_type=\"container\" data-settings=\"{&quot;background_background&quot;:&quot;classic&quot;}\">\n\t\t<div class=\"elementor-element elementor-element-69625757 e-con-full e-flex e-con e-child\" data-id=\"69625757\" data-element_type=\"container\">\n\t\t<div class=\"elementor-element elementor-element-7d37a78 e-con-full e-flex e-con e-child\" data-id=\"7d37a78\" data-element_type=\"container\">\n\t\t\t\t<div class=\"elementor-element elementor-element-4d885ee2 elementor-widget elementor-widget-jkit_heading\" data-id=\"4d885ee2\" data-element_type=\"widget\" data-widget_type=\"jkit_heading.default\">\n\t\t\t\t\t<div  class=\"jeg-elementor-kit jkit-heading  align- align-tablet- align-mobile- jeg_module__1_6a00d1c81660b\" ><div class=\"heading-section-title  display-inline-block\"><h2 class=\"heading-title\">UBICACI\u00d3N :<\/h2><\/div><h3 class=\"heading-section-subtitle  style-color\">M\u00e9xico<\/h3><\/div>\t\t\t\t<\/div>\n\t\t\t\t<div class=\"elementor-element elementor-element-5553669e elementor-widget elementor-widget-jkit_heading\" data-id=\"5553669e\" data-element_type=\"widget\" data-widget_type=\"jkit_heading.default\">\n\t\t\t\t\t<div  class=\"jeg-elementor-kit jkit-heading  align- align-tablet- align-mobile- jeg_module__2_6a00d1c816e5c\" ><div class=\"heading-section-title  display-inline-block\"><h2 class=\"heading-title\">TIPO:<\/h2><\/div><h3 class=\"heading-section-subtitle  style-color\">Remodelaci\u00f3n de hoteles<\/h3><\/div>\t\t\t\t<\/div>\n\t\t\t\t<div class=\"elementor-element elementor-element-26e36445 elementor-widget elementor-widget-jkit_heading\" data-id=\"26e36445\" data-element_type=\"widget\" data-widget_type=\"jkit_heading.default\">\n\t\t\t\t\t<div  class=\"jeg-elementor-kit jkit-heading  align- align-tablet- align-mobile- jeg_module__3_6a00d1c817653\" ><div class=\"heading-section-title  display-inline-block\"><h2 class=\"heading-title\">ESTADO:<\/h2><\/div><h3 class=\"heading-section-subtitle  style-color\">Completado<\/h3><\/div>\t\t\t\t<\/div>\n\t\t\t\t<\/div>\n\t\t<div class=\"elementor-element elementor-element-70ae3074 e-con-full e-flex e-con e-child\" data-id=\"70ae3074\" data-element_type=\"container\">\n\t\t\t\t<div class=\"elementor-element elementor-element-b94dcc9 elementor-widget elementor-widget-heading\" data-id=\"b94dcc9\" data-element_type=\"widget\" data-widget_type=\"heading.default\">\n\t\t\t\t\t<h2 class=\"elementor-heading-title elementor-size-default\">Proyecto de transformaci\u00f3n hotelera<\/h2>\t\t\t\t<\/div>\n\t\t\t\t<div class=\"elementor-element elementor-element-4ece2a19 elementor-widget-divider--view-line elementor-widget elementor-widget-divider\" data-id=\"4ece2a19\" data-element_type=\"widget\" data-widget_type=\"divider.default\">\n\t\t\t\t\t\t\t<div class=\"elementor-divider\">\n\t\t\t<span class=\"elementor-divider-separator\">\n\t\t\t\t\t\t<\/span>\n\t\t<\/div>\n\t\t\t\t\t\t<\/div>\n\t\t<div class=\"elementor-element elementor-element-24d134a8 e-con-full e-flex e-con e-child\" data-id=\"24d134a8\" data-element_type=\"container\">\n\t\t\t\t<div class=\"elementor-element elementor-element-5df15008 elementor-widget elementor-widget-text-editor\" data-id=\"5df15008\" data-element_type=\"widget\" data-widget_type=\"text-editor.default\">\n\t\t\t\t\t\t\t\t\t<p data-start=\"150\" data-end=\"488\">Situado en la costa del Pac\u00edfico mexicano, el hotel W Punta de Mita destaca por su estilo contempor\u00e1neo enriquecido por fuertes influencias locales. Su dise\u00f1o mezcla la est\u00e9tica vibrante y colorida de la cultura huichol con la arquitectura moderna, creando un entorno sensorial y sofisticado que invita tanto a la desconexi\u00f3n como a la experiencia inmersiva.<\/p><p data-start=\"490\" data-end=\"1047\">Centro de Dise\u00f1o Espa\u00f1ol desempe\u00f1\u00f3 un papel activo en el desarrollo del proyecto, aportando soluciones integrales en dise\u00f1o de interiores, selecci\u00f3n de acabados, creaci\u00f3n de mosaicos personalizados y aplicaci\u00f3n de revestimientos de superficies a medida. Nuestro trabajo se centr\u00f3 en realzar la identidad \u00fanica del hotel a trav\u00e9s de materiales cuidadosamente seleccionados, texturas envolventes y composiciones que reflejan la autenticidad del lugar. El resultado es un espacio que equilibra confort, dise\u00f1o y car\u00e1cter, en perfecta consonancia con la esencia vanguardista y de esp\u00edritu libre de la marca W.<\/p>\t\t\t\t\t\t\t\t<\/div>\n\t\t\t\t<\/div>\n\t\t\t\t<\/div>\n\t\t\t\t<\/div>\n\t\t\t\t<\/div>\n\t\t<div class=\"elementor-element elementor-element-f35efec e-con-full e-flex e-con e-parent\" data-id=\"f35efec\" data-element_type=\"container\">\n\t\t<div class=\"elementor-element elementor-element-4f58aac8 e-con-full e-flex e-con e-child\" data-id=\"4f58aac8\" data-element_type=\"container\">\n\t\t\t\t<div class=\"elementor-element elementor-element-5d22d5eb elementor-widget elementor-widget-image\" data-id=\"5d22d5eb\" data-element_type=\"widget\" data-widget_type=\"image.default\">\n\t\t\t\t\t\t\t\t\t\t\t\t\t\t\t<img fetchpriority=\"high\" decoding=\"async\" width=\"1800\" height=\"1200\" src=\"https:\/\/cde-global.com\/wp-content\/uploads\/2025\/07\/cde-design-hotels-1.jpg\" class=\"attachment-full size-full wp-image-392\" alt=\"\" srcset=\"https:\/\/cde-global.com\/wp-content\/uploads\/2025\/07\/cde-design-hotels-1.jpg 1800w, https:\/\/cde-global.com\/wp-content\/uploads\/2025\/07\/cde-design-hotels-1-300x200.jpg 300w, https:\/\/cde-global.com\/wp-content\/uploads\/2025\/07\/cde-design-hotels-1-1024x683.jpg 1024w, https:\/\/cde-global.com\/wp-content\/uploads\/2025\/07\/cde-design-hotels-1-768x512.jpg 768w, https:\/\/cde-global.com\/wp-content\/uploads\/2025\/07\/cde-design-hotels-1-1536x1024.jpg 1536w\" sizes=\"(max-width: 1800px) 100vw, 1800px\" \/>\t\t\t\t\t\t\t\t\t\t\t\t\t\t\t<\/div>\n\t\t<div class=\"elementor-element elementor-element-4edef679 e-con-full e-flex e-con e-child\" data-id=\"4edef679\" data-element_type=\"container\">\n\t\t\t\t<div class=\"elementor-element elementor-element-79cc0848 elementor-widget__width-initial elementor-widget elementor-widget-jkit_heading\" data-id=\"79cc0848\" data-element_type=\"widget\" data-widget_type=\"jkit_heading.default\">\n\t\t\t\t\t<div  class=\"jeg-elementor-kit jkit-heading  align- align-tablet- align-mobile- jeg_module__4_6a00d1c81c0fc\" ><div class=\"heading-section-title  display-inline-block\"><h2 class=\"heading-title\">Materialidad y narrativa en armon\u00eda con el entorno<\/h2><\/div><div class=\"heading-section-description\"><p>Cada rinc\u00f3n de W Punta de Mita refleja un dise\u00f1o interior que se extiende de forma natural desde el paisaje y la cultura locales. A trav\u00e9s de mosaicos artesanales, texturas naturales y atrevidos contrastes de color, el dise\u00f1o logra un equilibrio entre modernidad y tradici\u00f3n, reforzando la identidad del espacio como un destino que va m\u00e1s all\u00e1 de lo convencional.<\/p><\/div><\/div>\t\t\t\t<\/div>\n\t\t\t\t<\/div>\n\t\t<div class=\"elementor-element elementor-element-595030a4 e-con-full e-flex e-con e-child\" data-id=\"595030a4\" data-element_type=\"container\">\n\t\t\t\t<div class=\"elementor-element elementor-element-3958429 elementor-widget elementor-widget-gallery\" data-id=\"3958429\" data-element_type=\"widget\" data-settings=\"{&quot;gallery_layout&quot;:&quot;masonry&quot;,&quot;columns&quot;:3,&quot;lazyload&quot;:&quot;yes&quot;,&quot;columns_tablet&quot;:2,&quot;columns_mobile&quot;:1,&quot;gap&quot;:{&quot;unit&quot;:&quot;px&quot;,&quot;size&quot;:10,&quot;sizes&quot;:[]},&quot;gap_laptop&quot;:{&quot;unit&quot;:&quot;px&quot;,&quot;size&quot;:10,&quot;sizes&quot;:[]},&quot;gap_tablet&quot;:{&quot;unit&quot;:&quot;px&quot;,&quot;size&quot;:10,&quot;sizes&quot;:[]},&quot;gap_mobile&quot;:{&quot;unit&quot;:&quot;px&quot;,&quot;size&quot;:10,&quot;sizes&quot;:[]},&quot;link_to&quot;:&quot;file&quot;,&quot;overlay_background&quot;:&quot;yes&quot;,&quot;content_hover_animation&quot;:&quot;fade-in&quot;}\" data-widget_type=\"gallery.default\">\n\t\t\t\t\t\t\t<div class=\"elementor-gallery__container\">\n\t\t\t\t\t\t\t<a class=\"e-gallery-item elementor-gallery-item elementor-animated-content\" href=\"https:\/\/cde-global.com\/wp-content\/uploads\/2025\/08\/punta-mita-3-bg.jpg\" data-elementor-open-lightbox=\"yes\" data-elementor-lightbox-slideshow=\"3958429\" data-elementor-lightbox-title=\"punta mita 3 bg\" data-e-action-hash=\"#elementor-action%3Aaction%3Dlightbox%26settings%3DeyJpZCI6MTk5MSwidXJsIjoiaHR0cHM6XC9cL2NkZS1nbG9iYWwuY29tXC93cC1jb250ZW50XC91cGxvYWRzXC8yMDI1XC8wOFwvcHVudGEtbWl0YS0zLWJnLmpwZyIsInNsaWRlc2hvdyI6IjM5NTg0MjkifQ%3D%3D\">\n\t\t\t\t\t<div class=\"e-gallery-image elementor-gallery-item__image\" data-thumbnail=\"https:\/\/cde-global.com\/wp-content\/uploads\/elementor\/thumbs\/punta-mita-3-bg-r9us33wz0sif1x000jucdcn7tyqnxxcuyl4cfm1a4o.jpg\" data-width=\"800\" data-height=\"500\" aria-label=\"\" role=\"img\" ><\/div>\n\t\t\t\t\t\t\t\t\t\t\t<div class=\"elementor-gallery-item__overlay\"><\/div>\n\t\t\t\t\t\t\t\t\t\t\t\t\t\t<\/a>\n\t\t\t\t\t\t\t<a class=\"e-gallery-item elementor-gallery-item elementor-animated-content\" href=\"https:\/\/cde-global.com\/wp-content\/uploads\/2025\/08\/punta-mita-poject-cde.jpg\" data-elementor-open-lightbox=\"yes\" data-elementor-lightbox-slideshow=\"3958429\" data-elementor-lightbox-title=\"punta mita poject cde\" data-e-action-hash=\"#elementor-action%3Aaction%3Dlightbox%26settings%3DeyJpZCI6MTk4NywidXJsIjoiaHR0cHM6XC9cL2NkZS1nbG9iYWwuY29tXC93cC1jb250ZW50XC91cGxvYWRzXC8yMDI1XC8wOFwvcHVudGEtbWl0YS1wb2plY3QtY2RlLmpwZyIsInNsaWRlc2hvdyI6IjM5NTg0MjkifQ%3D%3D\">\n\t\t\t\t\t<div class=\"e-gallery-image elementor-gallery-item__image\" data-thumbnail=\"https:\/\/cde-global.com\/wp-content\/uploads\/elementor\/thumbs\/punta-mita-poject-cde-r9uryeq0um2t03trgiphwjc8wlwlgep6bboy1t058o.jpg\" data-width=\"800\" data-height=\"500\" aria-label=\"\" role=\"img\" ><\/div>\n\t\t\t\t\t\t\t\t\t\t\t<div class=\"elementor-gallery-item__overlay\"><\/div>\n\t\t\t\t\t\t\t\t\t\t\t\t\t\t<\/a>\n\t\t\t\t\t\t\t<a class=\"e-gallery-item elementor-gallery-item elementor-animated-content\" href=\"https:\/\/cde-global.com\/wp-content\/uploads\/2025\/08\/puntamita-fondo1.jpg\" data-elementor-open-lightbox=\"yes\" data-elementor-lightbox-slideshow=\"3958429\" data-elementor-lightbox-title=\"puntamita fondo1\" data-e-action-hash=\"#elementor-action%3Aaction%3Dlightbox%26settings%3DeyJpZCI6MTk4MCwidXJsIjoiaHR0cHM6XC9cL2NkZS1nbG9iYWwuY29tXC93cC1jb250ZW50XC91cGxvYWRzXC8yMDI1XC8wOFwvcHVudGFtaXRhLWZvbmRvMS5qcGciLCJzbGlkZXNob3ciOiIzOTU4NDI5In0%3D\">\n\t\t\t\t\t<div class=\"e-gallery-image elementor-gallery-item__image\" data-thumbnail=\"https:\/\/cde-global.com\/wp-content\/uploads\/elementor\/thumbs\/puntamita-fondo1-r9wpybbsq9mzyditz9gjw5bjynlzwtjt3p75hmpqbs.jpg\" data-width=\"800\" data-height=\"500\" aria-label=\"\" role=\"img\" ><\/div>\n\t\t\t\t\t\t\t\t\t\t\t<div class=\"elementor-gallery-item__overlay\"><\/div>\n\t\t\t\t\t\t\t\t\t\t\t\t\t\t<\/a>\n\t\t\t\t\t\t\t<a class=\"e-gallery-item elementor-gallery-item elementor-animated-content\" href=\"https:\/\/cde-global.com\/wp-content\/uploads\/2025\/07\/zonaazulbar-1.jpg\" data-elementor-open-lightbox=\"yes\" data-elementor-lightbox-slideshow=\"3958429\" data-elementor-lightbox-title=\"zonaazulbar.jpg\" data-e-action-hash=\"#elementor-action%3Aaction%3Dlightbox%26settings%3DeyJpZCI6Mzk3LCJ1cmwiOiJodHRwczpcL1wvY2RlLWdsb2JhbC5jb21cL3dwLWNvbnRlbnRcL3VwbG9hZHNcLzIwMjVcLzA3XC96b25hYXp1bGJhci0xLmpwZyIsInNsaWRlc2hvdyI6IjM5NTg0MjkifQ%3D%3D\">\n\t\t\t\t\t<div class=\"e-gallery-image elementor-gallery-item__image\" data-thumbnail=\"https:\/\/cde-global.com\/wp-content\/uploads\/elementor\/thumbs\/zonaazulbar-1-r9toxwboujeozvygteu06yl2hsk7xyvyjn22tfhimg.jpg\" data-width=\"800\" data-height=\"500\" aria-label=\"\" role=\"img\" ><\/div>\n\t\t\t\t\t\t\t\t\t\t\t<div class=\"elementor-gallery-item__overlay\"><\/div>\n\t\t\t\t\t\t\t\t\t\t\t\t\t\t<\/a>\n\t\t\t\t\t\t\t<a class=\"e-gallery-item elementor-gallery-item elementor-animated-content\" href=\"https:\/\/cde-global.com\/wp-content\/uploads\/2025\/07\/zonaazulpoolandcbanas-2.jpg\" data-elementor-open-lightbox=\"yes\" data-elementor-lightbox-slideshow=\"3958429\" data-elementor-lightbox-title=\"zonaazulpoolandcbanas.jpg\" data-e-action-hash=\"#elementor-action%3Aaction%3Dlightbox%26settings%3DeyJpZCI6Mzk5LCJ1cmwiOiJodHRwczpcL1wvY2RlLWdsb2JhbC5jb21cL3dwLWNvbnRlbnRcL3VwbG9hZHNcLzIwMjVcLzA3XC96b25hYXp1bHBvb2xhbmRjYmFuYXMtMi5qcGciLCJzbGlkZXNob3ciOiIzOTU4NDI5In0%3D\">\n\t\t\t\t\t<div class=\"e-gallery-image elementor-gallery-item__image\" data-thumbnail=\"https:\/\/cde-global.com\/wp-content\/uploads\/elementor\/thumbs\/zonaazulpoolandcbanas-2-r9toy2wk6dnp95owqzoe6exanhnsfum2wjmh6d7rew.jpg\" data-width=\"800\" data-height=\"500\" aria-label=\"\" role=\"img\" ><\/div>\n\t\t\t\t\t\t\t\t\t\t\t<div class=\"elementor-gallery-item__overlay\"><\/div>\n\t\t\t\t\t\t\t\t\t\t\t\t\t\t<\/a>\n\t\t\t\t\t\t\t<a class=\"e-gallery-item elementor-gallery-item elementor-animated-content\" href=\"https:\/\/cde-global.com\/wp-content\/uploads\/2025\/07\/wetdeckfeaturea-1.jpg\" data-elementor-open-lightbox=\"yes\" data-elementor-lightbox-slideshow=\"3958429\" data-elementor-lightbox-title=\"wetdeckfeaturea.jpg\" data-e-action-hash=\"#elementor-action%3Aaction%3Dlightbox%26settings%3DeyJpZCI6MzkzLCJ1cmwiOiJodHRwczpcL1wvY2RlLWdsb2JhbC5jb21cL3dwLWNvbnRlbnRcL3VwbG9hZHNcLzIwMjVcLzA3XC93ZXRkZWNrZmVhdHVyZWEtMS5qcGciLCJzbGlkZXNob3ciOiIzOTU4NDI5In0%3D\">\n\t\t\t\t\t<div class=\"e-gallery-image elementor-gallery-item__image\" data-thumbnail=\"https:\/\/cde-global.com\/wp-content\/uploads\/elementor\/thumbs\/wetdeckfeaturea-1-r9toxmxay71trsc4carqi0ygjxujszun6cj80nvgco.jpg\" data-width=\"800\" data-height=\"500\" aria-label=\"\" role=\"img\" ><\/div>\n\t\t\t\t\t\t\t\t\t\t\t<div class=\"elementor-gallery-item__overlay\"><\/div>\n\t\t\t\t\t\t\t\t\t\t\t\t\t\t<\/a>\n\t\t\t\t\t<\/div>\n\t\t\t\t\t<\/div>\n\t\t\t\t<\/div>\n\t\t\t\t<\/div>\n\t\t\t\t<\/div>\n\t\t<div class=\"elementor-element elementor-element-82731fa e-con-full e-flex e-con e-parent\" data-id=\"82731fa\" data-element_type=\"container\">\n\t\t<div class=\"elementor-element elementor-element-c12ed1f e-con-full e-flex e-con e-child\" data-id=\"c12ed1f\" data-element_type=\"container\" data-settings=\"{&quot;background_background&quot;:&quot;classic&quot;}\">\n\t\t<div class=\"elementor-element elementor-element-926b97a e-con-full e-flex elementor-invisible e-con e-child\" data-id=\"926b97a\" data-element_type=\"container\" data-settings=\"{&quot;animation&quot;:&quot;fadeInUp&quot;,&quot;animation_delay&quot;:200}\">\n\t\t\t\t<div class=\"elementor-element elementor-element-d1736d0 elementor-widget elementor-widget-heading\" data-id=\"d1736d0\" data-element_type=\"widget\" data-widget_type=\"heading.default\">\n\t\t\t\t\t<h2 class=\"elementor-heading-title elementor-size-default\">Haga de su hotel una experiencia inolvidable<\/h2>\t\t\t\t<\/div>\n\t\t\t\t<div class=\"elementor-element elementor-element-81a60b8 elementor-widget elementor-widget-text-editor\" data-id=\"81a60b8\" data-element_type=\"widget\" data-widget_type=\"text-editor.default\">\n\t\t\t\t\t\t\t\t\t<p>Convertimos su visi\u00f3n en espacios inolvidables con un apoyo total al proyecto de principio a fin.<\/p>\t\t\t\t\t\t\t\t<\/div>\n\t\t\t\t<div class=\"elementor-element elementor-element-d1be2f0 elementor-mobile-align-justify elementor-align-center elementor-widget__width-inherit elementor-widget elementor-widget-button\" data-id=\"d1be2f0\" data-element_type=\"widget\" data-widget_type=\"button.default\">\n\t\t\t\t\t\t\t\t\t\t<a class=\"elementor-button elementor-button-link elementor-size-sm\" href=\"\/es\/contact\/\">\n\t\t\t\t\t\t<span class=\"elementor-button-content-wrapper\">\n\t\t\t\t\t\t<span class=\"elementor-button-icon\">\n\t\t\t\t<i aria-hidden=\"true\" class=\"jki jki-arrow-up-right-line\"><\/i>\t\t\t<\/span>\n\t\t\t\t\t\t\t\t\t<span class=\"elementor-button-text\">P\u00f3ngase en contacto con nosotros<\/span>\n\t\t\t\t\t<\/span>\n\t\t\t\t\t<\/a>\n\t\t\t\t\t\t\t\t<\/div>\n\t\t\t\t<\/div>\n\t\t\t\t<\/div>\n\t\t\t\t<\/div>\n\t\t\t\t<\/div>","protected":false},"excerpt":{"rendered":"<p>Detalle del Proyecto Hotel W Punta de Mita Dise\u00f1o que transforma espacios de hospitalidad Creamos soluciones a medida para entornos de hospitalidad, combinando dise\u00f1o, funcionalidad y car\u00e1cter para ofrecer experiencias memorables. UBICACI\u00d3N : M\u00e9xico TIPO: Remodelaci\u00f3n Hotelera ESTADO: Terminado El Proyecto de Transformaci\u00f3n Hotelera Ubicado en la costa del Pac\u00edfico mexicano, el Hotel W Punta de Mita destaca por su [...]<\/p>","protected":false},"author":1,"featured_media":0,"parent":136,"menu_order":0,"comment_status":"closed","ping_status":"closed","template":"elementor_header_footer","meta":{"footnotes":""},"class_list":["post-710","page","type-page","status-publish","hentry"],"_links":{"self":[{"href":"https:\/\/cde-global.com\/es\/wp-json\/wp\/v2\/pages\/710","targetHints":{"allow":["GET"]}}],"collection":[{"href":"https:\/\/cde-global.com\/es\/wp-json\/wp\/v2\/pages"}],"about":[{"href":"https:\/\/cde-global.com\/es\/wp-json\/wp\/v2\/types\/page"}],"author":[{"embeddable":true,"href":"https:\/\/cde-global.com\/es\/wp-json\/wp\/v2\/users\/1"}],"replies":[{"embeddable":true,"href":"https:\/\/cde-global.com\/es\/wp-json\/wp\/v2\/comments?post=710"}],"version-history":[{"count":0,"href":"https:\/\/cde-global.com\/es\/wp-json\/wp\/v2\/pages\/710\/revisions"}],"up":[{"embeddable":true,"href":"https:\/\/cde-global.com\/es\/wp-json\/wp\/v2\/pages\/136"}],"wp:attachment":[{"href":"https:\/\/cde-global.com\/es\/wp-json\/wp\/v2\/media?parent=710"}],"curies":[{"name":"wp","href":"https:\/\/api.w.org\/{rel}","templated":true}]}}