{"id":933,"date":"2025-07-21T12:39:31","date_gmt":"2025-07-21T12:39:31","guid":{"rendered":"https:\/\/cde.robocomp.top\/?page_id=933"},"modified":"2025-08-06T10:33:17","modified_gmt":"2025-08-06T10:33:17","slug":"hipotels-haven-hotel","status":"publish","type":"page","link":"https:\/\/cde-global.com\/es\/portfolio\/hipotels-haven-hotel\/","title":{"rendered":"Hotel Hipotels Haven"},"content":{"rendered":"<div data-elementor-type=\"wp-page\" data-elementor-id=\"933\" class=\"elementor elementor-933\" data-elementor-post-type=\"page\">\n\t\t\t\t<div class=\"elementor-element elementor-element-1bec0b89 e-flex e-con-boxed e-con e-parent\" data-id=\"1bec0b89\" data-element_type=\"container\" data-settings=\"{&quot;background_background&quot;:&quot;classic&quot;}\">\n\t\t\t\t\t<div class=\"e-con-inner\">\n\t\t<div class=\"elementor-element elementor-element-7c63aa38 e-con-full e-flex e-con e-child\" data-id=\"7c63aa38\" data-element_type=\"container\">\n\t\t<div class=\"elementor-element elementor-element-441955ce e-con-full e-flex elementor-invisible e-con e-child\" data-id=\"441955ce\" data-element_type=\"container\" data-settings=\"{&quot;animation&quot;:&quot;slideInUp&quot;,&quot;animation_delay&quot;:150}\">\n\t\t\t\t<div class=\"elementor-element elementor-element-1f077bf0 elementor-icon-list--layout-inline elementor-align-center elementor-list-item-link-full_width elementor-invisible elementor-widget elementor-widget-icon-list\" data-id=\"1f077bf0\" data-element_type=\"widget\" data-settings=\"{&quot;_animation&quot;:&quot;fadeIn&quot;,&quot;_animation_delay&quot;:250}\" data-widget_type=\"icon-list.default\">\n\t\t\t\t\t\t\t<ul class=\"elementor-icon-list-items elementor-inline-items\">\n\t\t\t\t\t\t\t<li class=\"elementor-icon-list-item elementor-inline-item\">\n\t\t\t\t\t\t\t\t\t\t\t<a href=\"#\">\n\n\t\t\t\t\t\t\t\t\t\t\t<span class=\"elementor-icon-list-text\">Detalle del proyecto<\/span>\n\t\t\t\t\t\t\t\t\t\t\t<\/a>\n\t\t\t\t\t\t\t\t\t<\/li>\n\t\t\t\t\t\t<\/ul>\n\t\t\t\t\t\t<\/div>\n\t\t\t\t<\/div>\n\t\t<div class=\"elementor-element elementor-element-3de21af e-con-full elementor-hidden-tablet elementor-hidden-mobile e-flex e-con e-child\" data-id=\"3de21af\" data-element_type=\"container\">\n\t\t\t\t<div class=\"elementor-element elementor-element-b835e57 elementor-hidden-tablet elementor-hidden-mobile elementor-invisible elementor-widget elementor-widget-jkit_heading\" data-id=\"b835e57\" data-element_type=\"widget\" data-settings=\"{&quot;_animation&quot;:&quot;slideInUp&quot;,&quot;_animation_delay&quot;:250}\" data-widget_type=\"jkit_heading.default\">\n\t\t\t\t\t<div  class=\"jeg-elementor-kit jkit-heading  align- align-tablet-left align-mobile-center jeg_module___6a00d1febc698\" ><div class=\"heading-section-title  display-inline-block\"><h4 class=\"heading-title\">Dise\u00f1o que transforma los espacios de hosteler\u00eda<\/h4><\/div><div class=\"heading-section-description\"><p>Creamos soluciones a medida para entornos de hosteler\u00eda, combinando dise\u00f1o, funcionalidad y car\u00e1cter para ofrecer experiencias memorables.<\/p><\/div><\/div>\t\t\t\t<\/div>\n\t\t\t\t<\/div>\n\t\t\t\t<div class=\"elementor-element elementor-element-670c522a elementor-widget__width-inherit elementor-widget-divider--view-line elementor-invisible elementor-widget elementor-widget-divider\" data-id=\"670c522a\" data-element_type=\"widget\" data-settings=\"{&quot;_animation&quot;:&quot;fadeIn&quot;,&quot;_animation_delay&quot;:250}\" data-widget_type=\"divider.default\">\n\t\t\t\t\t\t\t<div class=\"elementor-divider\">\n\t\t\t<span class=\"elementor-divider-separator\">\n\t\t\t\t\t\t<\/span>\n\t\t<\/div>\n\t\t\t\t\t\t<\/div>\n\t\t\t\t<\/div>\n\t\t\t\t\t<\/div>\n\t\t\t\t<\/div>\n\t\t<div class=\"elementor-element elementor-element-19325f5c e-con-full e-flex e-con e-parent\" data-id=\"19325f5c\" data-element_type=\"container\" data-settings=\"{&quot;background_background&quot;:&quot;classic&quot;}\">\n\t\t<div class=\"elementor-element elementor-element-9904ed0 e-con-full e-flex e-con e-child\" data-id=\"9904ed0\" data-element_type=\"container\">\n\t\t<div class=\"elementor-element elementor-element-4aff805f e-con-full e-flex e-con e-child\" data-id=\"4aff805f\" data-element_type=\"container\">\n\t\t\t\t<div class=\"elementor-element elementor-element-13410cb4 elementor-widget elementor-widget-jkit_heading\" data-id=\"13410cb4\" data-element_type=\"widget\" data-widget_type=\"jkit_heading.default\">\n\t\t\t\t\t<div  class=\"jeg-elementor-kit jkit-heading  align- align-tablet- align-mobile- jeg_module__1_6a00d1fec1183\" ><div class=\"heading-section-title  display-inline-block\"><h2 class=\"heading-title\">UBICACI\u00d3N :<\/h2><\/div><h3 class=\"heading-section-subtitle  style-color\">Riviera Canc\u00fan<\/h3><\/div>\t\t\t\t<\/div>\n\t\t\t\t<div class=\"elementor-element elementor-element-4061eee9 elementor-widget elementor-widget-jkit_heading\" data-id=\"4061eee9\" data-element_type=\"widget\" data-widget_type=\"jkit_heading.default\">\n\t\t\t\t\t<div  class=\"jeg-elementor-kit jkit-heading  align- align-tablet- align-mobile- jeg_module__2_6a00d1fec2124\" ><div class=\"heading-section-title  display-inline-block\"><h2 class=\"heading-title\">TIPO:<\/h2><\/div><h3 class=\"heading-section-subtitle  style-color\">Remodelaci\u00f3n de hoteles<\/h3><\/div>\t\t\t\t<\/div>\n\t\t\t\t<div class=\"elementor-element elementor-element-7292e1c3 elementor-widget elementor-widget-jkit_heading\" data-id=\"7292e1c3\" data-element_type=\"widget\" data-widget_type=\"jkit_heading.default\">\n\t\t\t\t\t<div  class=\"jeg-elementor-kit jkit-heading  align- align-tablet- align-mobile- jeg_module__3_6a00d1fec3259\" ><div class=\"heading-section-title  display-inline-block\"><h2 class=\"heading-title\">ESTADO:<\/h2><\/div><h3 class=\"heading-section-subtitle  style-color\">Completado<\/h3><\/div>\t\t\t\t<\/div>\n\t\t\t\t<\/div>\n\t\t<div class=\"elementor-element elementor-element-5d23cb3d e-con-full e-flex e-con e-child\" data-id=\"5d23cb3d\" data-element_type=\"container\">\n\t\t\t\t<div class=\"elementor-element elementor-element-2ebc690a elementor-widget elementor-widget-heading\" data-id=\"2ebc690a\" data-element_type=\"widget\" data-widget_type=\"heading.default\">\n\t\t\t\t\t<h2 class=\"elementor-heading-title elementor-size-default\">Proyecto de transformaci\u00f3n hotelera<\/h2>\t\t\t\t<\/div>\n\t\t\t\t<div class=\"elementor-element elementor-element-3df7a5d3 elementor-widget-divider--view-line elementor-widget elementor-widget-divider\" data-id=\"3df7a5d3\" data-element_type=\"widget\" data-widget_type=\"divider.default\">\n\t\t\t\t\t\t\t<div class=\"elementor-divider\">\n\t\t\t<span class=\"elementor-divider-separator\">\n\t\t\t\t\t\t<\/span>\n\t\t<\/div>\n\t\t\t\t\t\t<\/div>\n\t\t<div class=\"elementor-element elementor-element-7437e1c4 e-con-full e-flex e-con e-child\" data-id=\"7437e1c4\" data-element_type=\"container\">\n\t\t\t\t<div class=\"elementor-element elementor-element-76431690 elementor-widget elementor-widget-text-editor\" data-id=\"76431690\" data-element_type=\"widget\" data-widget_type=\"text-editor.default\">\n\t\t\t\t\t\t\t\t\t<p data-start=\"185\" data-end=\"528\">Situado en las exuberantes costas del Caribe mexicano, el <strong data-start=\"53\" data-end=\"102\">Haven Riviera Canc\u00fan Resort &amp; Spa by Hipotels<\/strong> es un santuario de 5 estrellas con todo incluido que combina la elegancia mexicana contempor\u00e1nea con el lujo frente al mar. Situado entre Canc\u00fan y la Riviera Maya, el complejo ofrece vistas panor\u00e1micas al oc\u00e9ano en su enclave tropical de 250 acres y ofrece servicios exclusivos y galardonados.<\/p>\t\t\t\t\t\t\t\t<\/div>\n\t\t\t\t<\/div>\n\t\t\t\t<\/div>\n\t\t\t\t<\/div>\n\t\t\t\t<\/div>\n\t\t<div class=\"elementor-element elementor-element-1d9b05ca e-con-full e-flex e-con e-parent\" data-id=\"1d9b05ca\" data-element_type=\"container\">\n\t\t<div class=\"elementor-element elementor-element-69a4774f e-con-full e-flex e-con e-child\" data-id=\"69a4774f\" data-element_type=\"container\">\n\t\t\t\t<div class=\"elementor-element elementor-element-447fce04 elementor-widget elementor-widget-image\" data-id=\"447fce04\" data-element_type=\"widget\" data-widget_type=\"image.default\">\n\t\t\t\t\t\t\t\t\t\t\t\t\t\t\t<img fetchpriority=\"high\" decoding=\"async\" width=\"1920\" height=\"1280\" src=\"https:\/\/cde-global.com\/wp-content\/uploads\/2025\/08\/olios.jpg\" class=\"attachment-full size-full wp-image-1385\" alt=\"\" srcset=\"https:\/\/cde-global.com\/wp-content\/uploads\/2025\/08\/olios.jpg 1920w, https:\/\/cde-global.com\/wp-content\/uploads\/2025\/08\/olios-300x200.jpg 300w, https:\/\/cde-global.com\/wp-content\/uploads\/2025\/08\/olios-1024x683.jpg 1024w, https:\/\/cde-global.com\/wp-content\/uploads\/2025\/08\/olios-768x512.jpg 768w, https:\/\/cde-global.com\/wp-content\/uploads\/2025\/08\/olios-1536x1024.jpg 1536w\" sizes=\"(max-width: 1920px) 100vw, 1920px\" \/>\t\t\t\t\t\t\t\t\t\t\t\t\t\t\t<\/div>\n\t\t<div class=\"elementor-element elementor-element-5b480d08 e-con-full e-flex e-con e-child\" data-id=\"5b480d08\" data-element_type=\"container\">\n\t\t\t\t<div class=\"elementor-element elementor-element-6c358d8c elementor-widget__width-initial elementor-widget elementor-widget-jkit_heading\" data-id=\"6c358d8c\" data-element_type=\"widget\" data-widget_type=\"jkit_heading.default\">\n\t\t\t\t\t<div  class=\"jeg-elementor-kit jkit-heading  align- align-tablet- align-mobile- jeg_module__4_6a00d1fec9a42\" ><div class=\"heading-section-title  display-inline-block\"><h2 class=\"heading-title\">Del concepto a la creaci\u00f3n<\/h2><\/div><div class=\"heading-section-description\"><p data-start=\"152\" data-end=\"501\">Las mejoras se realizaron en colaboraci\u00f3n con los equipos operativos y de dise\u00f1o del complejo, garantizando una integraci\u00f3n perfecta en el entorno sereno y exclusivo para adultos de Haven.<\/p><\/div><\/div>\t\t\t\t<\/div>\n\t\t\t\t<\/div>\n\t\t<div class=\"elementor-element elementor-element-37d0bced e-con-full e-flex e-con e-child\" data-id=\"37d0bced\" data-element_type=\"container\">\n\t\t\t\t<div class=\"elementor-element elementor-element-13a9eb0 elementor-widget elementor-widget-gallery\" data-id=\"13a9eb0\" data-element_type=\"widget\" data-settings=\"{&quot;gallery_layout&quot;:&quot;masonry&quot;,&quot;columns&quot;:3,&quot;lazyload&quot;:&quot;yes&quot;,&quot;columns_tablet&quot;:2,&quot;columns_mobile&quot;:1,&quot;gap&quot;:{&quot;unit&quot;:&quot;px&quot;,&quot;size&quot;:10,&quot;sizes&quot;:[]},&quot;gap_laptop&quot;:{&quot;unit&quot;:&quot;px&quot;,&quot;size&quot;:10,&quot;sizes&quot;:[]},&quot;gap_tablet&quot;:{&quot;unit&quot;:&quot;px&quot;,&quot;size&quot;:10,&quot;sizes&quot;:[]},&quot;gap_mobile&quot;:{&quot;unit&quot;:&quot;px&quot;,&quot;size&quot;:10,&quot;sizes&quot;:[]},&quot;link_to&quot;:&quot;file&quot;,&quot;overlay_background&quot;:&quot;yes&quot;,&quot;content_hover_animation&quot;:&quot;fade-in&quot;}\" data-widget_type=\"gallery.default\">\n\t\t\t\t\t\t\t<div class=\"elementor-gallery__container\">\n\t\t\t\t\t\t\t<a class=\"e-gallery-item elementor-gallery-item elementor-animated-content\" href=\"https:\/\/cde-global.com\/wp-content\/uploads\/2025\/08\/day-pass-riviera-maya-day-pass-hotel-heaven-05.jpg\" data-elementor-open-lightbox=\"yes\" data-elementor-lightbox-slideshow=\"13a9eb0\" data-elementor-lightbox-title=\"day-pass-riviera-maya-day-pass-hotel-heaven-05\" data-e-action-hash=\"#elementor-action%3Aaction%3Dlightbox%26settings%3DeyJpZCI6MTM4MywidXJsIjoiaHR0cHM6XC9cL2NkZS1nbG9iYWwuY29tXC93cC1jb250ZW50XC91cGxvYWRzXC8yMDI1XC8wOFwvZGF5LXBhc3Mtcml2aWVyYS1tYXlhLWRheS1wYXNzLWhvdGVsLWhlYXZlbi0wNS5qcGciLCJzbGlkZXNob3ciOiIxM2E5ZWIwIn0%3D\">\n\t\t\t\t\t<div class=\"e-gallery-image elementor-gallery-item__image\" data-thumbnail=\"https:\/\/cde-global.com\/wp-content\/uploads\/elementor\/thumbs\/day-pass-riviera-maya-day-pass-hotel-heaven-05-r9t6p4jdjwc4shydwioczp0g3lpfnhjrkx6h79ae88.jpg\" data-width=\"800\" data-height=\"500\" aria-label=\"\" role=\"img\" ><\/div>\n\t\t\t\t\t\t\t\t\t\t\t<div class=\"elementor-gallery-item__overlay\"><\/div>\n\t\t\t\t\t\t\t\t\t\t\t\t\t\t<\/a>\n\t\t\t\t\t\t\t<a class=\"e-gallery-item elementor-gallery-item elementor-animated-content\" href=\"https:\/\/cde-global.com\/wp-content\/uploads\/2025\/08\/satsu-couple-tables_standard.jpg\" data-elementor-open-lightbox=\"yes\" data-elementor-lightbox-slideshow=\"13a9eb0\" data-elementor-lightbox-title=\"satsu-couple-tables_standard\" data-e-action-hash=\"#elementor-action%3Aaction%3Dlightbox%26settings%3DeyJpZCI6MTM4NCwidXJsIjoiaHR0cHM6XC9cL2NkZS1nbG9iYWwuY29tXC93cC1jb250ZW50XC91cGxvYWRzXC8yMDI1XC8wOFwvc2F0c3UtY291cGxlLXRhYmxlc19zdGFuZGFyZC5qcGciLCJzbGlkZXNob3ciOiIxM2E5ZWIwIn0%3D\">\n\t\t\t\t\t<div class=\"e-gallery-image elementor-gallery-item__image\" data-thumbnail=\"https:\/\/cde-global.com\/wp-content\/uploads\/elementor\/thumbs\/satsu-couple-tables_standard-r9v0ro6xmidxpwzfv5p8zz671k5mil7m9mpwf0lf2g.jpg\" data-width=\"800\" data-height=\"500\" aria-label=\"\" role=\"img\" ><\/div>\n\t\t\t\t\t\t\t\t\t\t\t<div class=\"elementor-gallery-item__overlay\"><\/div>\n\t\t\t\t\t\t\t\t\t\t\t\t\t\t<\/a>\n\t\t\t\t\t\t\t<a class=\"e-gallery-item elementor-gallery-item elementor-animated-content\" href=\"https:\/\/cde-global.com\/wp-content\/uploads\/2025\/08\/partial-ovsw-king-1_wide.jpg\" data-elementor-open-lightbox=\"yes\" data-elementor-lightbox-slideshow=\"13a9eb0\" data-elementor-lightbox-title=\"partial-ovsw-king-1_wide\" data-e-action-hash=\"#elementor-action%3Aaction%3Dlightbox%26settings%3DeyJpZCI6MTM4NiwidXJsIjoiaHR0cHM6XC9cL2NkZS1nbG9iYWwuY29tXC93cC1jb250ZW50XC91cGxvYWRzXC8yMDI1XC8wOFwvcGFydGlhbC1vdnN3LWtpbmctMV93aWRlLmpwZyIsInNsaWRlc2hvdyI6IjEzYTllYjAifQ%3D%3D\">\n\t\t\t\t\t<div class=\"e-gallery-image elementor-gallery-item__image\" data-thumbnail=\"https:\/\/cde-global.com\/wp-content\/uploads\/elementor\/thumbs\/partial-ovsw-king-1_wide-r9v0rursycmxz6pvsqjmzfif79970gxqmjaarybnuw.jpg\" data-width=\"800\" data-height=\"500\" aria-label=\"\" role=\"img\" ><\/div>\n\t\t\t\t\t\t\t\t\t\t\t<div class=\"elementor-gallery-item__overlay\"><\/div>\n\t\t\t\t\t\t\t\t\t\t\t\t\t\t<\/a>\n\t\t\t\t\t\t\t<a class=\"e-gallery-item elementor-gallery-item elementor-animated-content\" href=\"https:\/\/cde-global.com\/wp-content\/uploads\/2025\/08\/rmc-jrs-pov-swim-out-bathroom_wide.jpg\" data-elementor-open-lightbox=\"yes\" data-elementor-lightbox-slideshow=\"13a9eb0\" data-elementor-lightbox-title=\"rmc-jrs-pov-swim-out-bathroom_wide\" data-e-action-hash=\"#elementor-action%3Aaction%3Dlightbox%26settings%3DeyJpZCI6MTM4NywidXJsIjoiaHR0cHM6XC9cL2NkZS1nbG9iYWwuY29tXC93cC1jb250ZW50XC91cGxvYWRzXC8yMDI1XC8wOFwvcm1jLWpycy1wb3Ytc3dpbS1vdXQtYmF0aHJvb21fd2lkZS5qcGciLCJzbGlkZXNob3ciOiIxM2E5ZWIwIn0%3D\">\n\t\t\t\t\t<div class=\"e-gallery-image elementor-gallery-item__image\" data-thumbnail=\"https:\/\/cde-global.com\/wp-content\/uploads\/elementor\/thumbs\/rmc-jrs-pov-swim-out-bathroom_wide-r9v0rxlbiuqsy0lsc9riowsszevank8xmx8r7s7hc8.jpg\" data-width=\"800\" data-height=\"500\" aria-label=\"\" role=\"img\" ><\/div>\n\t\t\t\t\t\t\t\t\t\t\t<div class=\"elementor-gallery-item__overlay\"><\/div>\n\t\t\t\t\t\t\t\t\t\t\t\t\t\t<\/a>\n\t\t\t\t\t\t\t<a class=\"e-gallery-item elementor-gallery-item elementor-animated-content\" href=\"https:\/\/cde-global.com\/wp-content\/uploads\/2025\/08\/scovking-1.jpg\" data-elementor-open-lightbox=\"yes\" data-elementor-lightbox-slideshow=\"13a9eb0\" data-elementor-lightbox-title=\"scovking-1\" data-e-action-hash=\"#elementor-action%3Aaction%3Dlightbox%26settings%3DeyJpZCI6MTM4OCwidXJsIjoiaHR0cHM6XC9cL2NkZS1nbG9iYWwuY29tXC93cC1jb250ZW50XC91cGxvYWRzXC8yMDI1XC8wOFwvc2NvdmtpbmctMS5qcGciLCJzbGlkZXNob3ciOiIxM2E5ZWIwIn0%3D\">\n\t\t\t\t\t<div class=\"e-gallery-image elementor-gallery-item__image\" data-thumbnail=\"https:\/\/cde-global.com\/wp-content\/uploads\/elementor\/thumbs\/scovking-1-r9v0s1coa6vy8ggbqbe0yvuncycricnuzfup4w1wnc.jpg\" data-width=\"800\" data-height=\"500\" aria-label=\"\" role=\"img\" ><\/div>\n\t\t\t\t\t\t\t\t\t\t\t<div class=\"elementor-gallery-item__overlay\"><\/div>\n\t\t\t\t\t\t\t\t\t\t\t\t\t\t<\/a>\n\t\t\t\t\t\t\t<a class=\"e-gallery-item elementor-gallery-item elementor-animated-content\" href=\"https:\/\/cde-global.com\/wp-content\/uploads\/2025\/08\/mocaccino_standard.jpg\" data-elementor-open-lightbox=\"yes\" data-elementor-lightbox-slideshow=\"13a9eb0\" data-elementor-lightbox-title=\"mocaccino_standard\" data-e-action-hash=\"#elementor-action%3Aaction%3Dlightbox%26settings%3DeyJpZCI6MTM4OSwidXJsIjoiaHR0cHM6XC9cL2NkZS1nbG9iYWwuY29tXC93cC1jb250ZW50XC91cGxvYWRzXC8yMDI1XC8wOFwvbW9jYWNjaW5vX3N0YW5kYXJkLmpwZyIsInNsaWRlc2hvdyI6IjEzYTllYjAifQ%3D%3D\">\n\t\t\t\t\t<div class=\"e-gallery-image elementor-gallery-item__image\" data-thumbnail=\"https:\/\/cde-global.com\/wp-content\/uploads\/elementor\/thumbs\/mocaccino_standard-r9v0s5411j13iwav4d0j8uwhqhu8d52sbygn1zwbyg.jpg\" data-width=\"800\" data-height=\"500\" aria-label=\"\" role=\"img\" ><\/div>\n\t\t\t\t\t\t\t\t\t\t\t<div class=\"elementor-gallery-item__overlay\"><\/div>\n\t\t\t\t\t\t\t\t\t\t\t\t\t\t<\/a>\n\t\t\t\t\t<\/div>\n\t\t\t\t\t<\/div>\n\t\t\t\t<\/div>\n\t\t\t\t<\/div>\n\t\t\t\t<\/div>\n\t\t<div class=\"elementor-element elementor-element-4fccef4e e-con-full e-flex e-con e-parent\" data-id=\"4fccef4e\" data-element_type=\"container\">\n\t\t<div class=\"elementor-element elementor-element-290fc92c e-con-full e-flex e-con e-child\" data-id=\"290fc92c\" data-element_type=\"container\" data-settings=\"{&quot;background_background&quot;:&quot;classic&quot;}\">\n\t\t<div class=\"elementor-element elementor-element-37a25399 e-con-full e-flex elementor-invisible e-con e-child\" data-id=\"37a25399\" data-element_type=\"container\" data-settings=\"{&quot;animation&quot;:&quot;fadeInUp&quot;,&quot;animation_delay&quot;:200}\">\n\t\t\t\t<div class=\"elementor-element elementor-element-6837155b elementor-widget elementor-widget-heading\" data-id=\"6837155b\" data-element_type=\"widget\" data-widget_type=\"heading.default\">\n\t\t\t\t\t<h2 class=\"elementor-heading-title elementor-size-default\">Haga de su hotel una experiencia inolvidable<\/h2>\t\t\t\t<\/div>\n\t\t\t\t<div class=\"elementor-element elementor-element-5927b31e elementor-widget elementor-widget-text-editor\" data-id=\"5927b31e\" data-element_type=\"widget\" data-widget_type=\"text-editor.default\">\n\t\t\t\t\t\t\t\t\t<p>Convertimos su visi\u00f3n en espacios inolvidables con un apoyo total al proyecto de principio a fin.<\/p>\t\t\t\t\t\t\t\t<\/div>\n\t\t\t\t<div class=\"elementor-element elementor-element-19d4f259 elementor-mobile-align-justify elementor-align-center elementor-widget__width-inherit elementor-widget elementor-widget-button\" data-id=\"19d4f259\" data-element_type=\"widget\" data-widget_type=\"button.default\">\n\t\t\t\t\t\t\t\t\t\t<a class=\"elementor-button elementor-button-link elementor-size-sm\" href=\"\/es\/contact\/\">\n\t\t\t\t\t\t<span class=\"elementor-button-content-wrapper\">\n\t\t\t\t\t\t<span class=\"elementor-button-icon\">\n\t\t\t\t<i aria-hidden=\"true\" class=\"jki jki-arrow-up-right-line\"><\/i>\t\t\t<\/span>\n\t\t\t\t\t\t\t\t\t<span class=\"elementor-button-text\">P\u00f3ngase en contacto con nosotros<\/span>\n\t\t\t\t\t<\/span>\n\t\t\t\t\t<\/a>\n\t\t\t\t\t\t\t\t<\/div>\n\t\t\t\t<\/div>\n\t\t\t\t<\/div>\n\t\t\t\t<\/div>\n\t\t\t\t<\/div>","protected":false},"excerpt":{"rendered":"<p>Detalle del proyecto Dise\u00f1o que transforma espacios de hospitalidad Creamos soluciones a medida para entornos de hospitalidad, combinando dise\u00f1o, funcionalidad y car\u00e1cter para ofrecer experiencias memorables. UBICACION : Riviera Cancun TIPO: Remodelaci\u00f3n Hotelera ESTADO: Terminado El Proyecto de Transformaci\u00f3n Hotelera Ubicado en las exuberantes costas del Caribe Mexicano, el Haven Riviera Canc\u00fan Resort &amp; Spa by Hipotels es [...]<\/p>","protected":false},"author":1,"featured_media":0,"parent":136,"menu_order":0,"comment_status":"closed","ping_status":"closed","template":"elementor_header_footer","meta":{"footnotes":""},"class_list":["post-933","page","type-page","status-publish","hentry"],"_links":{"self":[{"href":"https:\/\/cde-global.com\/es\/wp-json\/wp\/v2\/pages\/933","targetHints":{"allow":["GET"]}}],"collection":[{"href":"https:\/\/cde-global.com\/es\/wp-json\/wp\/v2\/pages"}],"about":[{"href":"https:\/\/cde-global.com\/es\/wp-json\/wp\/v2\/types\/page"}],"author":[{"embeddable":true,"href":"https:\/\/cde-global.com\/es\/wp-json\/wp\/v2\/users\/1"}],"replies":[{"embeddable":true,"href":"https:\/\/cde-global.com\/es\/wp-json\/wp\/v2\/comments?post=933"}],"version-history":[{"count":0,"href":"https:\/\/cde-global.com\/es\/wp-json\/wp\/v2\/pages\/933\/revisions"}],"up":[{"embeddable":true,"href":"https:\/\/cde-global.com\/es\/wp-json\/wp\/v2\/pages\/136"}],"wp:attachment":[{"href":"https:\/\/cde-global.com\/es\/wp-json\/wp\/v2\/media?parent=933"}],"curies":[{"name":"wp","href":"https:\/\/api.w.org\/{rel}","templated":true}]}}