{"id":951,"date":"2025-07-21T13:11:13","date_gmt":"2025-07-21T13:11:13","guid":{"rendered":"https:\/\/cde.robocomp.top\/?page_id=951"},"modified":"2025-08-06T10:38:04","modified_gmt":"2025-08-06T10:38:04","slug":"princess-punta-cana-hotel","status":"publish","type":"page","link":"https:\/\/cde-global.com\/es\/portfolio\/princess-punta-cana-hotel\/","title":{"rendered":"Hotel Princess Punta Cana"},"content":{"rendered":"<div data-elementor-type=\"wp-page\" data-elementor-id=\"951\" class=\"elementor elementor-951\" data-elementor-post-type=\"page\">\n\t\t\t\t<div class=\"elementor-element elementor-element-6c32f88a e-flex e-con-boxed e-con e-parent\" data-id=\"6c32f88a\" data-element_type=\"container\" data-settings=\"{&quot;background_background&quot;:&quot;classic&quot;}\">\n\t\t\t\t\t<div class=\"e-con-inner\">\n\t\t<div class=\"elementor-element elementor-element-35e6d1b2 e-con-full e-flex e-con e-child\" data-id=\"35e6d1b2\" data-element_type=\"container\">\n\t\t<div class=\"elementor-element elementor-element-53435256 e-con-full e-flex elementor-invisible e-con e-child\" data-id=\"53435256\" data-element_type=\"container\" data-settings=\"{&quot;animation&quot;:&quot;slideInUp&quot;,&quot;animation_delay&quot;:150}\">\n\t\t\t\t<div class=\"elementor-element elementor-element-3fd46295 elementor-icon-list--layout-inline elementor-align-center elementor-list-item-link-full_width elementor-invisible elementor-widget elementor-widget-icon-list\" data-id=\"3fd46295\" data-element_type=\"widget\" data-settings=\"{&quot;_animation&quot;:&quot;fadeIn&quot;,&quot;_animation_delay&quot;:250}\" data-widget_type=\"icon-list.default\">\n\t\t\t\t\t\t\t<ul class=\"elementor-icon-list-items elementor-inline-items\">\n\t\t\t\t\t\t\t<li class=\"elementor-icon-list-item elementor-inline-item\">\n\t\t\t\t\t\t\t\t\t\t\t<a href=\"#\">\n\n\t\t\t\t\t\t\t\t\t\t\t<span class=\"elementor-icon-list-text\">Detalle del proyecto<\/span>\n\t\t\t\t\t\t\t\t\t\t\t<\/a>\n\t\t\t\t\t\t\t\t\t<\/li>\n\t\t\t\t\t\t<\/ul>\n\t\t\t\t\t\t<\/div>\n\t\t\t\t<\/div>\n\t\t<div class=\"elementor-element elementor-element-7ee0452e e-con-full elementor-hidden-tablet elementor-hidden-mobile e-flex e-con e-child\" data-id=\"7ee0452e\" data-element_type=\"container\">\n\t\t\t\t<div class=\"elementor-element elementor-element-d5f33f9 elementor-hidden-tablet elementor-hidden-mobile elementor-invisible elementor-widget elementor-widget-jkit_heading\" data-id=\"d5f33f9\" data-element_type=\"widget\" data-settings=\"{&quot;_animation&quot;:&quot;slideInUp&quot;,&quot;_animation_delay&quot;:250}\" data-widget_type=\"jkit_heading.default\">\n\t\t\t\t\t<div  class=\"jeg-elementor-kit jkit-heading  align- align-tablet-left align-mobile-center jeg_module___6a00d12d21274\" ><div class=\"heading-section-title  display-inline-block\"><h4 class=\"heading-title\">Dise\u00f1o que transforma los espacios de hosteler\u00eda<\/h4><\/div><div class=\"heading-section-description\"><p>Creamos soluciones a medida para entornos de hosteler\u00eda, combinando dise\u00f1o, funcionalidad y car\u00e1cter para ofrecer experiencias memorables.<\/p><\/div><\/div>\t\t\t\t<\/div>\n\t\t\t\t<\/div>\n\t\t\t\t<div class=\"elementor-element elementor-element-411fc342 elementor-widget__width-inherit elementor-widget-divider--view-line elementor-invisible elementor-widget elementor-widget-divider\" data-id=\"411fc342\" data-element_type=\"widget\" data-settings=\"{&quot;_animation&quot;:&quot;fadeIn&quot;,&quot;_animation_delay&quot;:250}\" data-widget_type=\"divider.default\">\n\t\t\t\t\t\t\t<div class=\"elementor-divider\">\n\t\t\t<span class=\"elementor-divider-separator\">\n\t\t\t\t\t\t<\/span>\n\t\t<\/div>\n\t\t\t\t\t\t<\/div>\n\t\t\t\t<\/div>\n\t\t\t\t\t<\/div>\n\t\t\t\t<\/div>\n\t\t<div class=\"elementor-element elementor-element-73d769c4 e-con-full e-flex e-con e-parent\" data-id=\"73d769c4\" data-element_type=\"container\" data-settings=\"{&quot;background_background&quot;:&quot;classic&quot;}\">\n\t\t<div class=\"elementor-element elementor-element-2413e16e e-con-full e-flex e-con e-child\" data-id=\"2413e16e\" data-element_type=\"container\">\n\t\t<div class=\"elementor-element elementor-element-1a607c4e e-con-full e-flex e-con e-child\" data-id=\"1a607c4e\" data-element_type=\"container\">\n\t\t\t\t<div class=\"elementor-element elementor-element-1b9e37c8 elementor-widget elementor-widget-jkit_heading\" data-id=\"1b9e37c8\" data-element_type=\"widget\" data-widget_type=\"jkit_heading.default\">\n\t\t\t\t\t<div  class=\"jeg-elementor-kit jkit-heading  align- align-tablet- align-mobile- jeg_module__1_6a00d12d23e42\" ><div class=\"heading-section-title  display-inline-block\"><h2 class=\"heading-title\">UBICACI\u00d3N :<\/h2><\/div><h3 class=\"heading-section-subtitle  style-color\">Punta Cana<\/h3><\/div>\t\t\t\t<\/div>\n\t\t\t\t<div class=\"elementor-element elementor-element-6a54e013 elementor-widget elementor-widget-jkit_heading\" data-id=\"6a54e013\" data-element_type=\"widget\" data-widget_type=\"jkit_heading.default\">\n\t\t\t\t\t<div  class=\"jeg-elementor-kit jkit-heading  align- align-tablet- align-mobile- jeg_module__2_6a00d12d247fc\" ><div class=\"heading-section-title  display-inline-block\"><h2 class=\"heading-title\">TIPO:<\/h2><\/div><h3 class=\"heading-section-subtitle  style-color\">Renovaci\u00f3n<\/h3><\/div>\t\t\t\t<\/div>\n\t\t\t\t<div class=\"elementor-element elementor-element-34d568f9 elementor-widget elementor-widget-jkit_heading\" data-id=\"34d568f9\" data-element_type=\"widget\" data-widget_type=\"jkit_heading.default\">\n\t\t\t\t\t<div  class=\"jeg-elementor-kit jkit-heading  align- align-tablet- align-mobile- jeg_module__3_6a00d12d25196\" ><div class=\"heading-section-title  display-inline-block\"><h2 class=\"heading-title\">ESTADO:<\/h2><\/div><h3 class=\"heading-section-subtitle  style-color\">Completado<\/h3><\/div>\t\t\t\t<\/div>\n\t\t\t\t<\/div>\n\t\t<div class=\"elementor-element elementor-element-6f170700 e-con-full e-flex e-con e-child\" data-id=\"6f170700\" data-element_type=\"container\">\n\t\t\t\t<div class=\"elementor-element elementor-element-61cb5b94 elementor-widget elementor-widget-heading\" data-id=\"61cb5b94\" data-element_type=\"widget\" data-widget_type=\"heading.default\">\n\t\t\t\t\t<h2 class=\"elementor-heading-title elementor-size-default\">Proyecto de transformaci\u00f3n hotelera<\/h2>\t\t\t\t<\/div>\n\t\t\t\t<div class=\"elementor-element elementor-element-7d1e2248 elementor-widget-divider--view-line elementor-widget elementor-widget-divider\" data-id=\"7d1e2248\" data-element_type=\"widget\" data-widget_type=\"divider.default\">\n\t\t\t\t\t\t\t<div class=\"elementor-divider\">\n\t\t\t<span class=\"elementor-divider-separator\">\n\t\t\t\t\t\t<\/span>\n\t\t<\/div>\n\t\t\t\t\t\t<\/div>\n\t\t<div class=\"elementor-element elementor-element-1375e0bb e-con-full e-flex e-con e-child\" data-id=\"1375e0bb\" data-element_type=\"container\">\n\t\t\t\t<div class=\"elementor-element elementor-element-67fc05a7 elementor-widget elementor-widget-text-editor\" data-id=\"67fc05a7\" data-element_type=\"widget\" data-widget_type=\"text-editor.default\">\n\t\t\t\t\t\t\t\t\t<p data-start=\"185\" data-end=\"528\">Situado en la inmaculada playa de arena blanca de B\u00e1varo, en la Rep\u00fablica Dominicana. <strong data-start=\"89\" data-end=\"150\">Punta Cana Princess <\/strong>\u00a0es un lujoso refugio de 5 estrellas con todo incluido a pocos minutos de las atracciones locales y a unos 25 minutos del Aeropuerto Internacional de Punta Cana.<\/p>\t\t\t\t\t\t\t\t<\/div>\n\t\t\t\t<\/div>\n\t\t\t\t<\/div>\n\t\t\t\t<\/div>\n\t\t\t\t<\/div>\n\t\t<div class=\"elementor-element elementor-element-4bad4beb e-con-full e-flex e-con e-parent\" data-id=\"4bad4beb\" data-element_type=\"container\">\n\t\t<div class=\"elementor-element elementor-element-41481098 e-con-full e-flex e-con e-child\" data-id=\"41481098\" data-element_type=\"container\">\n\t\t\t\t<div class=\"elementor-element elementor-element-46f37bab elementor-widget elementor-widget-image\" data-id=\"46f37bab\" data-element_type=\"widget\" data-widget_type=\"image.default\">\n\t\t\t\t\t\t\t\t\t\t\t\t\t\t\t<img fetchpriority=\"high\" decoding=\"async\" width=\"1600\" height=\"900\" src=\"https:\/\/cde-global.com\/wp-content\/uploads\/2025\/07\/Gastronomia_1.-Il-Baccio-2.jpg\" class=\"attachment-full size-full wp-image-1271\" alt=\"\" srcset=\"https:\/\/cde-global.com\/wp-content\/uploads\/2025\/07\/Gastronomia_1.-Il-Baccio-2.jpg 1600w, https:\/\/cde-global.com\/wp-content\/uploads\/2025\/07\/Gastronomia_1.-Il-Baccio-2-300x169.jpg 300w, https:\/\/cde-global.com\/wp-content\/uploads\/2025\/07\/Gastronomia_1.-Il-Baccio-2-1024x576.jpg 1024w, https:\/\/cde-global.com\/wp-content\/uploads\/2025\/07\/Gastronomia_1.-Il-Baccio-2-768x432.jpg 768w, https:\/\/cde-global.com\/wp-content\/uploads\/2025\/07\/Gastronomia_1.-Il-Baccio-2-1536x864.jpg 1536w\" sizes=\"(max-width: 1600px) 100vw, 1600px\" \/>\t\t\t\t\t\t\t\t\t\t\t\t\t\t\t<\/div>\n\t\t<div class=\"elementor-element elementor-element-27448c7e e-con-full e-flex e-con e-child\" data-id=\"27448c7e\" data-element_type=\"container\">\n\t\t\t\t<div class=\"elementor-element elementor-element-3ec58c4f elementor-widget__width-initial elementor-widget elementor-widget-jkit_heading\" data-id=\"3ec58c4f\" data-element_type=\"widget\" data-widget_type=\"jkit_heading.default\">\n\t\t\t\t\t<div  class=\"jeg-elementor-kit jkit-heading  align- align-tablet- align-mobile- jeg_module__4_6a00d12d2a87c\" ><div class=\"heading-section-title  display-inline-block\"><h2 class=\"heading-title\">Del concepto a la creaci\u00f3n<\/h2><\/div><div class=\"heading-section-description\"><p data-start=\"152\" data-end=\"501\">Como parte de una renovaci\u00f3n integral en Punta Cana Princess, <strong data-start=\"240\" data-end=\"247\">CDE<\/strong> colaboraron con orgullo en varios aspectos fundamentales de la transformaci\u00f3n. Estas mejoras han contribuido a refrescar y refinar la experiencia de los hu\u00e9spedes, respetando al mismo tiempo la elegancia caribe\u00f1a caracter\u00edstica del complejo.<\/p><\/div><\/div>\t\t\t\t<\/div>\n\t\t\t\t<\/div>\n\t\t<div class=\"elementor-element elementor-element-23e7b7f4 e-con-full e-flex e-con e-child\" data-id=\"23e7b7f4\" data-element_type=\"container\">\n\t\t\t\t<div class=\"elementor-element elementor-element-27c7858 elementor-widget elementor-widget-gallery\" data-id=\"27c7858\" data-element_type=\"widget\" data-settings=\"{&quot;gallery_layout&quot;:&quot;masonry&quot;,&quot;lazyload&quot;:&quot;yes&quot;,&quot;columns&quot;:4,&quot;columns_tablet&quot;:2,&quot;columns_mobile&quot;:1,&quot;gap&quot;:{&quot;unit&quot;:&quot;px&quot;,&quot;size&quot;:10,&quot;sizes&quot;:[]},&quot;gap_laptop&quot;:{&quot;unit&quot;:&quot;px&quot;,&quot;size&quot;:10,&quot;sizes&quot;:[]},&quot;gap_tablet&quot;:{&quot;unit&quot;:&quot;px&quot;,&quot;size&quot;:10,&quot;sizes&quot;:[]},&quot;gap_mobile&quot;:{&quot;unit&quot;:&quot;px&quot;,&quot;size&quot;:10,&quot;sizes&quot;:[]},&quot;link_to&quot;:&quot;file&quot;,&quot;overlay_background&quot;:&quot;yes&quot;,&quot;content_hover_animation&quot;:&quot;fade-in&quot;}\" data-widget_type=\"gallery.default\">\n\t\t\t\t\t\t\t<div class=\"elementor-gallery__container\">\n\t\t\t\t\t\t\t<a class=\"e-gallery-item elementor-gallery-item elementor-animated-content\" href=\"https:\/\/cde-global.com\/wp-content\/uploads\/2025\/07\/princess-hotel-project-punta-cana-11.jpg\" data-elementor-open-lightbox=\"yes\" data-elementor-lightbox-slideshow=\"27c7858\" data-elementor-lightbox-title=\"Princess Hotel Project Punta Cana 11\" data-e-action-hash=\"#elementor-action%3Aaction%3Dlightbox%26settings%3DeyJpZCI6ODcwLCJ1cmwiOiJodHRwczpcL1wvY2RlLWdsb2JhbC5jb21cL3dwLWNvbnRlbnRcL3VwbG9hZHNcLzIwMjVcLzA3XC9wcmluY2Vzcy1ob3RlbC1wcm9qZWN0LXB1bnRhLWNhbmEtMTEuanBnIiwic2xpZGVzaG93IjoiMjdjNzg1OCJ9\">\n\t\t\t\t\t<div class=\"e-gallery-image elementor-gallery-item__image\" data-thumbnail=\"https:\/\/cde-global.com\/wp-content\/uploads\/elementor\/thumbs\/princess-hotel-project-punta-cana-11-r91ny333iyuikqbkd8spy5c1ls0azpvd5gngw15xu0.jpg\" data-width=\"800\" data-height=\"500\" aria-label=\"\" role=\"img\" ><\/div>\n\t\t\t\t\t\t\t\t\t\t\t<div class=\"elementor-gallery-item__overlay\"><\/div>\n\t\t\t\t\t\t\t\t\t\t\t\t\t\t<\/a>\n\t\t\t\t\t\t\t<a class=\"e-gallery-item elementor-gallery-item elementor-animated-content\" href=\"https:\/\/cde-global.com\/wp-content\/uploads\/2025\/07\/princess-hotel-project-punta-cana-4.jpg\" data-elementor-open-lightbox=\"yes\" data-elementor-lightbox-slideshow=\"27c7858\" data-elementor-lightbox-title=\"Princess Hotel Project Punta Cana 4\" data-e-action-hash=\"#elementor-action%3Aaction%3Dlightbox%26settings%3DeyJpZCI6OTYzLCJ1cmwiOiJodHRwczpcL1wvY2RlLWdsb2JhbC5jb21cL3dwLWNvbnRlbnRcL3VwbG9hZHNcLzIwMjVcLzA3XC9wcmluY2Vzcy1ob3RlbC1wcm9qZWN0LXB1bnRhLWNhbmEtNC5qcGciLCJzbGlkZXNob3ciOiIyN2M3ODU4In0%3D\">\n\t\t\t\t\t<div class=\"e-gallery-image elementor-gallery-item__image\" data-thumbnail=\"https:\/\/cde-global.com\/wp-content\/uploads\/elementor\/thumbs\/princess-hotel-project-punta-cana-4-r9354sbt1rxg9h3zuvub0za3hmoufv3oecq1j67v60.jpg\" data-width=\"800\" data-height=\"500\" aria-label=\"\" role=\"img\" ><\/div>\n\t\t\t\t\t\t\t\t\t\t\t<div class=\"elementor-gallery-item__overlay\"><\/div>\n\t\t\t\t\t\t\t\t\t\t\t\t\t\t<\/a>\n\t\t\t\t\t\t\t<a class=\"e-gallery-item elementor-gallery-item elementor-animated-content\" href=\"https:\/\/cde-global.com\/wp-content\/uploads\/2025\/07\/princess-hotel-project-punta-cana-5.jpg\" data-elementor-open-lightbox=\"yes\" data-elementor-lightbox-slideshow=\"27c7858\" data-elementor-lightbox-title=\"Princess Hotel Project Punta Cana 5\" data-e-action-hash=\"#elementor-action%3Aaction%3Dlightbox%26settings%3DeyJpZCI6OTU2LCJ1cmwiOiJodHRwczpcL1wvY2RlLWdsb2JhbC5jb21cL3dwLWNvbnRlbnRcL3VwbG9hZHNcLzIwMjVcLzA3XC9wcmluY2Vzcy1ob3RlbC1wcm9qZWN0LXB1bnRhLWNhbmEtNS5qcGciLCJzbGlkZXNob3ciOiIyN2M3ODU4In0%3D\">\n\t\t\t\t\t<div class=\"e-gallery-image elementor-gallery-item__image\" data-thumbnail=\"https:\/\/cde-global.com\/wp-content\/uploads\/elementor\/thumbs\/princess-hotel-project-punta-cana-5-r934yuyfydtd1zpxgtlzsz4gn5wiwkklx0mtld08eg.jpg\" data-width=\"800\" data-height=\"500\" aria-label=\"\" role=\"img\" ><\/div>\n\t\t\t\t\t\t\t\t\t\t\t<div class=\"elementor-gallery-item__overlay\"><\/div>\n\t\t\t\t\t\t\t\t\t\t\t\t\t\t<\/a>\n\t\t\t\t\t\t\t<a class=\"e-gallery-item elementor-gallery-item elementor-animated-content\" href=\"https:\/\/cde-global.com\/wp-content\/uploads\/2025\/07\/princess-hotel-project-punta-cana-7.jpg\" data-elementor-open-lightbox=\"yes\" data-elementor-lightbox-slideshow=\"27c7858\" data-elementor-lightbox-title=\"Princess Hotel Project Punta Cana 7\" data-e-action-hash=\"#elementor-action%3Aaction%3Dlightbox%26settings%3DeyJpZCI6OTU0LCJ1cmwiOiJodHRwczpcL1wvY2RlLWdsb2JhbC5jb21cL3dwLWNvbnRlbnRcL3VwbG9hZHNcLzIwMjVcLzA3XC9wcmluY2Vzcy1ob3RlbC1wcm9qZWN0LXB1bnRhLWNhbmEtNy5qcGciLCJzbGlkZXNob3ciOiIyN2M3ODU4In0%3D\">\n\t\t\t\t\t<div class=\"e-gallery-image elementor-gallery-item__image\" data-thumbnail=\"https:\/\/cde-global.com\/wp-content\/uploads\/elementor\/thumbs\/princess-hotel-project-punta-cana-7-r934wjat24mucp3g1bg7528frvcuvichxiklvqg9s8.jpg\" data-width=\"800\" data-height=\"500\" aria-label=\"\" role=\"img\" ><\/div>\n\t\t\t\t\t\t\t\t\t\t\t<div class=\"elementor-gallery-item__overlay\"><\/div>\n\t\t\t\t\t\t\t\t\t\t\t\t\t\t<\/a>\n\t\t\t\t\t<\/div>\n\t\t\t\t\t<\/div>\n\t\t\t\t<\/div>\n\t\t\t\t<\/div>\n\t\t\t\t<\/div>\n\t\t<div class=\"elementor-element elementor-element-7350e3ab e-con-full e-flex e-con e-parent\" data-id=\"7350e3ab\" data-element_type=\"container\">\n\t\t<div class=\"elementor-element elementor-element-2561d81d e-con-full e-flex e-con e-child\" data-id=\"2561d81d\" data-element_type=\"container\" data-settings=\"{&quot;background_background&quot;:&quot;classic&quot;}\">\n\t\t<div class=\"elementor-element elementor-element-6bd5e83b e-con-full e-flex elementor-invisible e-con e-child\" data-id=\"6bd5e83b\" data-element_type=\"container\" data-settings=\"{&quot;animation&quot;:&quot;fadeInUp&quot;,&quot;animation_delay&quot;:200}\">\n\t\t\t\t<div class=\"elementor-element elementor-element-5ccfced0 elementor-widget elementor-widget-heading\" data-id=\"5ccfced0\" data-element_type=\"widget\" data-widget_type=\"heading.default\">\n\t\t\t\t\t<h2 class=\"elementor-heading-title elementor-size-default\">Haga de su hotel una experiencia inolvidable<\/h2>\t\t\t\t<\/div>\n\t\t\t\t<div class=\"elementor-element elementor-element-dc4e3f elementor-widget elementor-widget-text-editor\" data-id=\"dc4e3f\" data-element_type=\"widget\" data-widget_type=\"text-editor.default\">\n\t\t\t\t\t\t\t\t\t<p>Convertimos su visi\u00f3n en espacios inolvidables con un apoyo total al proyecto de principio a fin.<\/p>\t\t\t\t\t\t\t\t<\/div>\n\t\t\t\t<div class=\"elementor-element elementor-element-7ea44dec elementor-mobile-align-justify elementor-align-center elementor-widget__width-inherit elementor-widget elementor-widget-button\" data-id=\"7ea44dec\" data-element_type=\"widget\" data-widget_type=\"button.default\">\n\t\t\t\t\t\t\t\t\t\t<a class=\"elementor-button elementor-button-link elementor-size-sm\" href=\"\/es\/contact\/\">\n\t\t\t\t\t\t<span class=\"elementor-button-content-wrapper\">\n\t\t\t\t\t\t<span class=\"elementor-button-icon\">\n\t\t\t\t<i aria-hidden=\"true\" class=\"jki jki-arrow-up-right-line\"><\/i>\t\t\t<\/span>\n\t\t\t\t\t\t\t\t\t<span class=\"elementor-button-text\">P\u00f3ngase en contacto con nosotros<\/span>\n\t\t\t\t\t<\/span>\n\t\t\t\t\t<\/a>\n\t\t\t\t\t\t\t\t<\/div>\n\t\t\t\t<\/div>\n\t\t\t\t<\/div>\n\t\t\t\t<\/div>\n\t\t\t\t<\/div>","protected":false},"excerpt":{"rendered":"<p>Project Detail Design that transforms hospitality spaces We create tailored solutions for hospitality environments, blending design, functionality, and character to deliver memorable experiences. LOCATION : Punta Cana TYPE: Renovation STATUS: Completed The Hotel Transformation Project Located on the pristine white-sand shores of B\u00e1varo Beach in the Dominican Republic, the Punta\u202fCana Princess \u00a0is a luxurious 5-star, [&hellip;]<\/p>","protected":false},"author":1,"featured_media":0,"parent":136,"menu_order":0,"comment_status":"closed","ping_status":"closed","template":"elementor_header_footer","meta":{"footnotes":""},"class_list":["post-951","page","type-page","status-publish","hentry"],"_links":{"self":[{"href":"https:\/\/cde-global.com\/es\/wp-json\/wp\/v2\/pages\/951","targetHints":{"allow":["GET"]}}],"collection":[{"href":"https:\/\/cde-global.com\/es\/wp-json\/wp\/v2\/pages"}],"about":[{"href":"https:\/\/cde-global.com\/es\/wp-json\/wp\/v2\/types\/page"}],"author":[{"embeddable":true,"href":"https:\/\/cde-global.com\/es\/wp-json\/wp\/v2\/users\/1"}],"replies":[{"embeddable":true,"href":"https:\/\/cde-global.com\/es\/wp-json\/wp\/v2\/comments?post=951"}],"version-history":[{"count":0,"href":"https:\/\/cde-global.com\/es\/wp-json\/wp\/v2\/pages\/951\/revisions"}],"up":[{"embeddable":true,"href":"https:\/\/cde-global.com\/es\/wp-json\/wp\/v2\/pages\/136"}],"wp:attachment":[{"href":"https:\/\/cde-global.com\/es\/wp-json\/wp\/v2\/media?parent=951"}],"curies":[{"name":"wp","href":"https:\/\/api.w.org\/{rel}","templated":true}]}}