{"id":970,"date":"2025-07-21T13:21:37","date_gmt":"2025-07-21T13:21:37","guid":{"rendered":"https:\/\/cde.robocomp.top\/?page_id=970"},"modified":"2025-08-06T10:30:57","modified_gmt":"2025-08-06T10:30:57","slug":"princess-cancun-hotel","status":"publish","type":"page","link":"https:\/\/cde-global.com\/es\/portfolio\/princess-cancun-hotel\/","title":{"rendered":"Hotel Princess Canc\u00fan"},"content":{"rendered":"<div data-elementor-type=\"wp-page\" data-elementor-id=\"970\" class=\"elementor elementor-970\" data-elementor-post-type=\"page\">\n\t\t\t\t<div class=\"elementor-element elementor-element-6972fa6c e-flex e-con-boxed e-con e-parent\" data-id=\"6972fa6c\" data-element_type=\"container\" data-settings=\"{&quot;background_background&quot;:&quot;classic&quot;}\">\n\t\t\t\t\t<div class=\"e-con-inner\">\n\t\t<div class=\"elementor-element elementor-element-b420dfe e-con-full e-flex e-con e-child\" data-id=\"b420dfe\" data-element_type=\"container\">\n\t\t<div class=\"elementor-element elementor-element-7997643 e-con-full e-flex elementor-invisible e-con e-child\" data-id=\"7997643\" data-element_type=\"container\" data-settings=\"{&quot;animation&quot;:&quot;slideInUp&quot;,&quot;animation_delay&quot;:150}\">\n\t\t\t\t<div class=\"elementor-element elementor-element-35c378d1 elementor-icon-list--layout-inline elementor-align-center elementor-list-item-link-full_width elementor-invisible elementor-widget elementor-widget-icon-list\" data-id=\"35c378d1\" data-element_type=\"widget\" data-settings=\"{&quot;_animation&quot;:&quot;fadeIn&quot;,&quot;_animation_delay&quot;:250}\" data-widget_type=\"icon-list.default\">\n\t\t\t\t\t\t\t<ul class=\"elementor-icon-list-items elementor-inline-items\">\n\t\t\t\t\t\t\t<li class=\"elementor-icon-list-item elementor-inline-item\">\n\t\t\t\t\t\t\t\t\t\t\t<a href=\"#\">\n\n\t\t\t\t\t\t\t\t\t\t\t<span class=\"elementor-icon-list-text\">Detalle del proyecto<\/span>\n\t\t\t\t\t\t\t\t\t\t\t<\/a>\n\t\t\t\t\t\t\t\t\t<\/li>\n\t\t\t\t\t\t<\/ul>\n\t\t\t\t\t\t<\/div>\n\t\t\t\t<\/div>\n\t\t<div class=\"elementor-element elementor-element-6bf45065 e-con-full elementor-hidden-tablet elementor-hidden-mobile e-flex e-con e-child\" data-id=\"6bf45065\" data-element_type=\"container\">\n\t\t\t\t<div class=\"elementor-element elementor-element-5c74d5ee elementor-hidden-tablet elementor-hidden-mobile elementor-invisible elementor-widget elementor-widget-jkit_heading\" data-id=\"5c74d5ee\" data-element_type=\"widget\" data-settings=\"{&quot;_animation&quot;:&quot;slideInUp&quot;,&quot;_animation_delay&quot;:250}\" data-widget_type=\"jkit_heading.default\">\n\t\t\t\t\t<div  class=\"jeg-elementor-kit jkit-heading  align- align-tablet-left align-mobile-center jeg_module___6a00d124250e8\" ><div class=\"heading-section-title  display-inline-block\"><h4 class=\"heading-title\">Dise\u00f1o que transforma los espacios de hosteler\u00eda<\/h4><\/div><div class=\"heading-section-description\"><p>Creamos soluciones a medida para entornos de hosteler\u00eda, combinando dise\u00f1o, funcionalidad y car\u00e1cter para ofrecer experiencias memorables.<\/p><\/div><\/div>\t\t\t\t<\/div>\n\t\t\t\t<\/div>\n\t\t\t\t<div class=\"elementor-element elementor-element-1d338c82 elementor-widget__width-inherit elementor-widget-divider--view-line elementor-invisible elementor-widget elementor-widget-divider\" data-id=\"1d338c82\" data-element_type=\"widget\" data-settings=\"{&quot;_animation&quot;:&quot;fadeIn&quot;,&quot;_animation_delay&quot;:250}\" data-widget_type=\"divider.default\">\n\t\t\t\t\t\t\t<div class=\"elementor-divider\">\n\t\t\t<span class=\"elementor-divider-separator\">\n\t\t\t\t\t\t<\/span>\n\t\t<\/div>\n\t\t\t\t\t\t<\/div>\n\t\t\t\t<\/div>\n\t\t\t\t\t<\/div>\n\t\t\t\t<\/div>\n\t\t<div class=\"elementor-element elementor-element-7f3f7f7c e-con-full e-flex e-con e-parent\" data-id=\"7f3f7f7c\" data-element_type=\"container\" data-settings=\"{&quot;background_background&quot;:&quot;classic&quot;}\">\n\t\t<div class=\"elementor-element elementor-element-4c58da50 e-con-full e-flex e-con e-child\" data-id=\"4c58da50\" data-element_type=\"container\">\n\t\t<div class=\"elementor-element elementor-element-38d59b25 e-con-full e-flex e-con e-child\" data-id=\"38d59b25\" data-element_type=\"container\">\n\t\t\t\t<div class=\"elementor-element elementor-element-74e97829 elementor-widget elementor-widget-jkit_heading\" data-id=\"74e97829\" data-element_type=\"widget\" data-widget_type=\"jkit_heading.default\">\n\t\t\t\t\t<div  class=\"jeg-elementor-kit jkit-heading  align- align-tablet- align-mobile- jeg_module__1_6a00d1242773b\" ><div class=\"heading-section-title  display-inline-block\"><h2 class=\"heading-title\">UBICACI\u00d3N :<\/h2><\/div><h3 class=\"heading-section-subtitle  style-color\">Canc\u00fan<\/h3><\/div>\t\t\t\t<\/div>\n\t\t\t\t<div class=\"elementor-element elementor-element-74ba61e1 elementor-widget elementor-widget-jkit_heading\" data-id=\"74ba61e1\" data-element_type=\"widget\" data-widget_type=\"jkit_heading.default\">\n\t\t\t\t\t<div  class=\"jeg-elementor-kit jkit-heading  align- align-tablet- align-mobile- jeg_module__2_6a00d12427f97\" ><div class=\"heading-section-title  display-inline-block\"><h2 class=\"heading-title\">TIPO:<\/h2><\/div><h3 class=\"heading-section-subtitle  style-color\">Remodelaci\u00f3n de hoteles<\/h3><\/div>\t\t\t\t<\/div>\n\t\t\t\t<div class=\"elementor-element elementor-element-4330260e elementor-widget elementor-widget-jkit_heading\" data-id=\"4330260e\" data-element_type=\"widget\" data-widget_type=\"jkit_heading.default\">\n\t\t\t\t\t<div  class=\"jeg-elementor-kit jkit-heading  align- align-tablet- align-mobile- jeg_module__3_6a00d1242895b\" ><div class=\"heading-section-title  display-inline-block\"><h2 class=\"heading-title\">ESTADO:<\/h2><\/div><h3 class=\"heading-section-subtitle  style-color\">Completado<\/h3><\/div>\t\t\t\t<\/div>\n\t\t\t\t<\/div>\n\t\t<div class=\"elementor-element elementor-element-7f7e0e10 e-con-full e-flex e-con e-child\" data-id=\"7f7e0e10\" data-element_type=\"container\">\n\t\t\t\t<div class=\"elementor-element elementor-element-7f150f4 elementor-widget elementor-widget-heading\" data-id=\"7f150f4\" data-element_type=\"widget\" data-widget_type=\"heading.default\">\n\t\t\t\t\t<h2 class=\"elementor-heading-title elementor-size-default\">Proyecto de transformaci\u00f3n hotelera<\/h2>\t\t\t\t<\/div>\n\t\t\t\t<div class=\"elementor-element elementor-element-478190b9 elementor-widget-divider--view-line elementor-widget elementor-widget-divider\" data-id=\"478190b9\" data-element_type=\"widget\" data-widget_type=\"divider.default\">\n\t\t\t\t\t\t\t<div class=\"elementor-divider\">\n\t\t\t<span class=\"elementor-divider-separator\">\n\t\t\t\t\t\t<\/span>\n\t\t<\/div>\n\t\t\t\t\t\t<\/div>\n\t\t<div class=\"elementor-element elementor-element-334889b2 e-con-full e-flex e-con e-child\" data-id=\"334889b2\" data-element_type=\"container\">\n\t\t\t\t<div class=\"elementor-element elementor-element-1ab8283b elementor-widget elementor-widget-text-editor\" data-id=\"1ab8283b\" data-element_type=\"widget\" data-widget_type=\"text-editor.default\">\n\t\t\t\t\t\t\t\t\t<p data-start=\"185\" data-end=\"528\">Situado a lo largo de las impresionantes playas de arena blanca de la Riviera Maya, el <strong data-start=\"313\" data-end=\"363\">Grand Riviera Princess All Suites Resort &amp; Spa<\/strong> es un lujoso complejo de 5 estrellas con todo incluido situado a pocos minutos del centro de Playa del Carmen y a unos 40 minutos del aeropuerto internacional de Canc\u00fan.<\/p>\t\t\t\t\t\t\t\t<\/div>\n\t\t\t\t<\/div>\n\t\t\t\t<\/div>\n\t\t\t\t<\/div>\n\t\t\t\t<\/div>\n\t\t<div class=\"elementor-element elementor-element-540840ae e-con-full e-flex e-con e-parent\" data-id=\"540840ae\" data-element_type=\"container\">\n\t\t<div class=\"elementor-element elementor-element-230f6a3d e-con-full e-flex e-con e-child\" data-id=\"230f6a3d\" data-element_type=\"container\">\n\t\t\t\t<div class=\"elementor-element elementor-element-34e3773d elementor-widget elementor-widget-image\" data-id=\"34e3773d\" data-element_type=\"widget\" data-widget_type=\"image.default\">\n\t\t\t\t\t\t\t\t\t\t\t\t\t\t\t<img fetchpriority=\"high\" decoding=\"async\" width=\"2000\" height=\"1148\" src=\"https:\/\/cde-global.com\/wp-content\/uploads\/2025\/08\/grand-riviera-princess.jpg\" class=\"attachment-full size-full wp-image-1366\" alt=\"\" srcset=\"https:\/\/cde-global.com\/wp-content\/uploads\/2025\/08\/grand-riviera-princess.jpg 2000w, https:\/\/cde-global.com\/wp-content\/uploads\/2025\/08\/grand-riviera-princess-300x172.jpg 300w, https:\/\/cde-global.com\/wp-content\/uploads\/2025\/08\/grand-riviera-princess-1024x588.jpg 1024w, https:\/\/cde-global.com\/wp-content\/uploads\/2025\/08\/grand-riviera-princess-768x441.jpg 768w, https:\/\/cde-global.com\/wp-content\/uploads\/2025\/08\/grand-riviera-princess-1536x882.jpg 1536w\" sizes=\"(max-width: 2000px) 100vw, 2000px\" \/>\t\t\t\t\t\t\t\t\t\t\t\t\t\t\t<\/div>\n\t\t<div class=\"elementor-element elementor-element-52ddd805 e-con-full e-flex e-con e-child\" data-id=\"52ddd805\" data-element_type=\"container\">\n\t\t\t\t<div class=\"elementor-element elementor-element-34f7b4a5 elementor-widget__width-initial elementor-widget elementor-widget-jkit_heading\" data-id=\"34f7b4a5\" data-element_type=\"widget\" data-widget_type=\"jkit_heading.default\">\n\t\t\t\t\t<div  class=\"jeg-elementor-kit jkit-heading  align- align-tablet- align-mobile- jeg_module__4_6a00d1242f9bb\" ><div class=\"heading-section-title  display-inline-block\"><h2 class=\"heading-title\">Del concepto a la creaci\u00f3n<\/h2><\/div><div class=\"heading-section-description\"><p data-start=\"152\" data-end=\"501\">Como parte de un <strong data-start=\"167\" data-end=\"195\">renovaci\u00f3n integral<\/strong> en el Grand Riviera Princess All Suites Resort &amp; Spa, <strong data-start=\"251\" data-end=\"258\">CDE<\/strong> ha contribuido con orgullo a m\u00faltiples \u00e1reas clave de la transformaci\u00f3n.<\/p><\/div><\/div>\t\t\t\t<\/div>\n\t\t\t\t<\/div>\n\t\t<div class=\"elementor-element elementor-element-7a9f16df e-con-full e-flex e-con e-child\" data-id=\"7a9f16df\" data-element_type=\"container\">\n\t\t\t\t<div class=\"elementor-element elementor-element-9a034ea elementor-widget elementor-widget-gallery\" data-id=\"9a034ea\" data-element_type=\"widget\" data-settings=\"{&quot;gallery_layout&quot;:&quot;masonry&quot;,&quot;columns&quot;:3,&quot;lazyload&quot;:&quot;yes&quot;,&quot;columns_tablet&quot;:2,&quot;columns_mobile&quot;:1,&quot;gap&quot;:{&quot;unit&quot;:&quot;px&quot;,&quot;size&quot;:10,&quot;sizes&quot;:[]},&quot;gap_laptop&quot;:{&quot;unit&quot;:&quot;px&quot;,&quot;size&quot;:10,&quot;sizes&quot;:[]},&quot;gap_tablet&quot;:{&quot;unit&quot;:&quot;px&quot;,&quot;size&quot;:10,&quot;sizes&quot;:[]},&quot;gap_mobile&quot;:{&quot;unit&quot;:&quot;px&quot;,&quot;size&quot;:10,&quot;sizes&quot;:[]},&quot;link_to&quot;:&quot;file&quot;,&quot;overlay_background&quot;:&quot;yes&quot;,&quot;content_hover_animation&quot;:&quot;fade-in&quot;}\" data-widget_type=\"gallery.default\">\n\t\t\t\t\t\t\t<div class=\"elementor-gallery__container\">\n\t\t\t\t\t\t\t<a class=\"e-gallery-item elementor-gallery-item elementor-animated-content\" href=\"https:\/\/cde-global.com\/wp-content\/uploads\/2025\/08\/cancun-princess.jpg\" data-elementor-open-lightbox=\"yes\" data-elementor-lightbox-slideshow=\"9a034ea\" data-elementor-lightbox-title=\"cancun princess\" data-e-action-hash=\"#elementor-action%3Aaction%3Dlightbox%26settings%3DeyJpZCI6MTQzOSwidXJsIjoiaHR0cHM6XC9cL2NkZS1nbG9iYWwuY29tXC93cC1jb250ZW50XC91cGxvYWRzXC8yMDI1XC8wOFwvY2FuY3VuLXByaW5jZXNzLmpwZyIsInNsaWRlc2hvdyI6IjlhMDM0ZWEifQ%3D%3D\">\n\t\t\t\t\t<div class=\"e-gallery-image elementor-gallery-item__image\" data-thumbnail=\"https:\/\/cde-global.com\/wp-content\/uploads\/elementor\/thumbs\/cancun-princess-r9t8eav8cq2yev3dogn8rr9fxe6fmbeuzpp4mkkz9k.jpg\" data-width=\"800\" data-height=\"500\" aria-label=\"\" role=\"img\" ><\/div>\n\t\t\t\t\t\t\t\t\t\t\t<div class=\"elementor-gallery-item__overlay\"><\/div>\n\t\t\t\t\t\t\t\t\t\t\t\t\t\t<\/a>\n\t\t\t\t\t\t\t<a class=\"e-gallery-item elementor-gallery-item elementor-animated-content\" href=\"https:\/\/cde-global.com\/wp-content\/uploads\/2025\/08\/grand-riviera-princess-1.jpg\" data-elementor-open-lightbox=\"yes\" data-elementor-lightbox-slideshow=\"9a034ea\" data-elementor-lightbox-title=\"grand-riviera-princess (1)\" data-e-action-hash=\"#elementor-action%3Aaction%3Dlightbox%26settings%3DeyJpZCI6MTM2NywidXJsIjoiaHR0cHM6XC9cL2NkZS1nbG9iYWwuY29tXC93cC1jb250ZW50XC91cGxvYWRzXC8yMDI1XC8wOFwvZ3JhbmQtcml2aWVyYS1wcmluY2Vzcy0xLmpwZyIsInNsaWRlc2hvdyI6IjlhMDM0ZWEifQ%3D%3D\">\n\t\t\t\t\t<div class=\"e-gallery-image elementor-gallery-item__image\" data-thumbnail=\"https:\/\/cde-global.com\/wp-content\/uploads\/elementor\/thumbs\/grand-riviera-princess-1-r9v0rhm2ao4xgn8zxkuv0ityvv220phhwq5i22v6a0.jpg\" data-width=\"800\" data-height=\"500\" aria-label=\"\" role=\"img\" ><\/div>\n\t\t\t\t\t\t\t\t\t\t\t<div class=\"elementor-gallery-item__overlay\"><\/div>\n\t\t\t\t\t\t\t\t\t\t\t\t\t\t<\/a>\n\t\t\t\t\t\t\t<a class=\"e-gallery-item elementor-gallery-item elementor-animated-content\" href=\"https:\/\/cde-global.com\/wp-content\/uploads\/2025\/08\/grand-riviera-princess-3.jpg\" data-elementor-open-lightbox=\"yes\" data-elementor-lightbox-slideshow=\"9a034ea\" data-elementor-lightbox-title=\"grand-riviera-princess (3)\" data-e-action-hash=\"#elementor-action%3Aaction%3Dlightbox%26settings%3DeyJpZCI6MTM2NCwidXJsIjoiaHR0cHM6XC9cL2NkZS1nbG9iYWwuY29tXC93cC1jb250ZW50XC91cGxvYWRzXC8yMDI1XC8wOFwvZ3JhbmQtcml2aWVyYS1wcmluY2Vzcy0zLmpwZyIsInNsaWRlc2hvdyI6IjlhMDM0ZWEifQ%3D%3D\">\n\t\t\t\t\t<div class=\"e-gallery-image elementor-gallery-item__image\" data-thumbnail=\"https:\/\/cde-global.com\/wp-content\/uploads\/elementor\/thumbs\/grand-riviera-princess-3-r9v0r5e5tto79pqqwxkpm3wz5uqa8n4zj1o6thdaiw.jpg\" data-width=\"800\" data-height=\"500\" aria-label=\"\" role=\"img\" ><\/div>\n\t\t\t\t\t\t\t\t\t\t\t<div class=\"elementor-gallery-item__overlay\"><\/div>\n\t\t\t\t\t\t\t\t\t\t\t\t\t\t<\/a>\n\t\t\t\t\t\t\t<a class=\"e-gallery-item elementor-gallery-item elementor-animated-content\" href=\"https:\/\/cde-global.com\/wp-content\/uploads\/2025\/08\/grand-riviera-princess-2.jpg\" data-elementor-open-lightbox=\"yes\" data-elementor-lightbox-slideshow=\"9a034ea\" data-elementor-lightbox-title=\"grand-riviera-princess (2)\" data-e-action-hash=\"#elementor-action%3Aaction%3Dlightbox%26settings%3DeyJpZCI6MTM2NSwidXJsIjoiaHR0cHM6XC9cL2NkZS1nbG9iYWwuY29tXC93cC1jb250ZW50XC91cGxvYWRzXC8yMDI1XC8wOFwvZ3JhbmQtcml2aWVyYS1wcmluY2Vzcy0yLmpwZyIsInNsaWRlc2hvdyI6IjlhMDM0ZWEifQ%3D%3D\">\n\t\t\t\t\t<div class=\"e-gallery-image elementor-gallery-item__image\" data-thumbnail=\"https:\/\/cde-global.com\/wp-content\/uploads\/elementor\/thumbs\/grand-riviera-princess-2-r9v0r95il5tck5laaz77w2ytje7r3fjwvka4ql7pu0.jpg\" data-width=\"800\" data-height=\"500\" aria-label=\"\" role=\"img\" ><\/div>\n\t\t\t\t\t\t\t\t\t\t\t<div class=\"elementor-gallery-item__overlay\"><\/div>\n\t\t\t\t\t\t\t\t\t\t\t\t\t\t<\/a>\n\t\t\t\t\t\t\t<a class=\"e-gallery-item elementor-gallery-item elementor-animated-content\" href=\"https:\/\/cde-global.com\/wp-content\/uploads\/2025\/08\/grand-riviera-princess-4.jpg\" data-elementor-open-lightbox=\"yes\" data-elementor-lightbox-slideshow=\"9a034ea\" data-elementor-lightbox-title=\"grand-riviera-princess (4)\" data-e-action-hash=\"#elementor-action%3Aaction%3Dlightbox%26settings%3DeyJpZCI6MTM2MywidXJsIjoiaHR0cHM6XC9cL2NkZS1nbG9iYWwuY29tXC93cC1jb250ZW50XC91cGxvYWRzXC8yMDI1XC8wOFwvZ3JhbmQtcml2aWVyYS1wcmluY2Vzcy00LmpwZyIsInNsaWRlc2hvdyI6IjlhMDM0ZWEifQ%3D%3D\">\n\t\t\t\t\t<div class=\"e-gallery-image elementor-gallery-item__image\" data-thumbnail=\"https:\/\/cde-global.com\/wp-content\/uploads\/elementor\/thumbs\/grand-riviera-princess-4-r9v0r0oyvnhrnnxkodjkrn3o6xdg65mbueerf3k9e0.jpg\" data-width=\"800\" data-height=\"500\" aria-label=\"\" role=\"img\" ><\/div>\n\t\t\t\t\t\t\t\t\t\t\t<div class=\"elementor-gallery-item__overlay\"><\/div>\n\t\t\t\t\t\t\t\t\t\t\t\t\t\t<\/a>\n\t\t\t\t\t\t\t<a class=\"e-gallery-item elementor-gallery-item elementor-animated-content\" href=\"https:\/\/cde-global.com\/wp-content\/uploads\/2025\/07\/princess-hotel-cancun-8.jpg\" data-elementor-open-lightbox=\"yes\" data-elementor-lightbox-slideshow=\"9a034ea\" data-elementor-lightbox-title=\"Princess Hotel Cancun 8\" data-e-action-hash=\"#elementor-action%3Aaction%3Dlightbox%26settings%3DeyJpZCI6ODczLCJ1cmwiOiJodHRwczpcL1wvY2RlLWdsb2JhbC5jb21cL3dwLWNvbnRlbnRcL3VwbG9hZHNcLzIwMjVcLzA3XC9wcmluY2Vzcy1ob3RlbC1jYW5jdW4tOC5qcGciLCJzbGlkZXNob3ciOiI5YTAzNGVhIn0%3D\">\n\t\t\t\t\t<div class=\"e-gallery-image elementor-gallery-item__image\" data-thumbnail=\"https:\/\/cde-global.com\/wp-content\/uploads\/elementor\/thumbs\/princess-hotel-cancun-8-r91o56r75wkiao06wbb8sctf6l055e2csm3jfamutk.jpg\" data-width=\"800\" data-height=\"500\" aria-label=\"\" role=\"img\" ><\/div>\n\t\t\t\t\t\t\t\t\t\t\t<div class=\"elementor-gallery-item__overlay\"><\/div>\n\t\t\t\t\t\t\t\t\t\t\t\t\t\t<\/a>\n\t\t\t\t\t<\/div>\n\t\t\t\t\t<\/div>\n\t\t\t\t<\/div>\n\t\t\t\t<\/div>\n\t\t\t\t<\/div>\n\t\t<div class=\"elementor-element elementor-element-7aca970b e-con-full e-flex e-con e-parent\" data-id=\"7aca970b\" data-element_type=\"container\">\n\t\t<div class=\"elementor-element elementor-element-6179313e e-con-full e-flex e-con e-child\" data-id=\"6179313e\" data-element_type=\"container\" data-settings=\"{&quot;background_background&quot;:&quot;classic&quot;}\">\n\t\t<div class=\"elementor-element elementor-element-5cc0815b e-con-full e-flex elementor-invisible e-con e-child\" data-id=\"5cc0815b\" data-element_type=\"container\" data-settings=\"{&quot;animation&quot;:&quot;fadeInUp&quot;,&quot;animation_delay&quot;:200}\">\n\t\t\t\t<div class=\"elementor-element elementor-element-6db939c5 elementor-widget elementor-widget-heading\" data-id=\"6db939c5\" data-element_type=\"widget\" data-widget_type=\"heading.default\">\n\t\t\t\t\t<h2 class=\"elementor-heading-title elementor-size-default\">Haga de su hotel una experiencia inolvidable<\/h2>\t\t\t\t<\/div>\n\t\t\t\t<div class=\"elementor-element elementor-element-1a7e2503 elementor-widget elementor-widget-text-editor\" data-id=\"1a7e2503\" data-element_type=\"widget\" data-widget_type=\"text-editor.default\">\n\t\t\t\t\t\t\t\t\t<p>Convertimos su visi\u00f3n en espacios inolvidables con un apoyo total al proyecto de principio a fin.<\/p>\t\t\t\t\t\t\t\t<\/div>\n\t\t\t\t<div class=\"elementor-element elementor-element-13e85316 elementor-mobile-align-justify elementor-align-center elementor-widget__width-inherit elementor-widget elementor-widget-button\" data-id=\"13e85316\" data-element_type=\"widget\" data-widget_type=\"button.default\">\n\t\t\t\t\t\t\t\t\t\t<a class=\"elementor-button elementor-button-link elementor-size-sm\" href=\"\/es\/contact\/\">\n\t\t\t\t\t\t<span class=\"elementor-button-content-wrapper\">\n\t\t\t\t\t\t<span class=\"elementor-button-icon\">\n\t\t\t\t<i aria-hidden=\"true\" class=\"jki jki-arrow-up-right-line\"><\/i>\t\t\t<\/span>\n\t\t\t\t\t\t\t\t\t<span class=\"elementor-button-text\">P\u00f3ngase en contacto con nosotros<\/span>\n\t\t\t\t\t<\/span>\n\t\t\t\t\t<\/a>\n\t\t\t\t\t\t\t\t<\/div>\n\t\t\t\t<\/div>\n\t\t\t\t<\/div>\n\t\t\t\t<\/div>\n\t\t\t\t<\/div>","protected":false},"excerpt":{"rendered":"<p>Project Detail Design that transforms hospitality spaces We create tailored solutions for hospitality environments, blending design, functionality, and character to deliver memorable experiences. LOCATION : Cancun TYPE: Hotel Remodelation STATUS: Completed The Hotel Transformation Project Located along the stunning white-sand beaches of the Riviera Maya, the Grand Riviera Princess All Suites Resort &amp; Spa is [&hellip;]<\/p>","protected":false},"author":1,"featured_media":0,"parent":136,"menu_order":0,"comment_status":"closed","ping_status":"closed","template":"elementor_header_footer","meta":{"footnotes":""},"class_list":["post-970","page","type-page","status-publish","hentry"],"_links":{"self":[{"href":"https:\/\/cde-global.com\/es\/wp-json\/wp\/v2\/pages\/970","targetHints":{"allow":["GET"]}}],"collection":[{"href":"https:\/\/cde-global.com\/es\/wp-json\/wp\/v2\/pages"}],"about":[{"href":"https:\/\/cde-global.com\/es\/wp-json\/wp\/v2\/types\/page"}],"author":[{"embeddable":true,"href":"https:\/\/cde-global.com\/es\/wp-json\/wp\/v2\/users\/1"}],"replies":[{"embeddable":true,"href":"https:\/\/cde-global.com\/es\/wp-json\/wp\/v2\/comments?post=970"}],"version-history":[{"count":0,"href":"https:\/\/cde-global.com\/es\/wp-json\/wp\/v2\/pages\/970\/revisions"}],"up":[{"embeddable":true,"href":"https:\/\/cde-global.com\/es\/wp-json\/wp\/v2\/pages\/136"}],"wp:attachment":[{"href":"https:\/\/cde-global.com\/es\/wp-json\/wp\/v2\/media?parent=970"}],"curies":[{"name":"wp","href":"https:\/\/api.w.org\/{rel}","templated":true}]}}